{"id":4327,"date":"2025-10-19T17:19:34","date_gmt":"2025-10-19T15:19:34","guid":{"rendered":"https:\/\/reseau-iles-casamance.org\/?page_id=4327"},"modified":"2025-10-19T17:19:36","modified_gmt":"2025-10-19T15:19:36","slug":"campement-les-baobabs-amoureux-wendaye","status":"publish","type":"page","link":"https:\/\/reseau-iles-casamance.org\/?page_id=4327","title":{"rendered":"CAMPEMENT LES BAOBABS AMOUREUX (Wendaye)"},"content":{"rendered":"\n<p>\u00a0<strong>Contacts du g\u00e9rant : +221 77 018 97 39<\/strong><\/p>\n\n\n\n<figure class=\"wp-block-table\"><table class=\"has-fixed-layout\"><tbody><tr><td>Capacit\u00e9 d\u2019accueil :<\/td><td>10 personnes<\/td><\/tr><tr><td>Nombre de chambres :<\/td><td>5 chambres (lit 2 personnes)<\/td><\/tr><tr><td>Co\u00fbt de la nuit\u00e9e<\/td><td>20.000 f cfa<\/td><\/tr><tr><td>Electricit\u00e9 et internet (wifi) :<\/td><td>Disponibles<\/td><\/tr><tr><td colspan=\"2\"><strong>HEBERGEMENT : Co\u00fbt de la nuit\u00e9e<\/strong><\/td><\/tr><tr><td>Chambre simple<\/td><td>1 personne 10 000 CFA<\/td><\/tr><tr><td>Demi-pension<\/td><td>1 personne 15 000 F CFA 2 personnes 20 000 F CFA<\/td><\/tr><tr><td>Pension compl\u00e8te<\/td><td>1 personne 20 000 CFA&nbsp;&nbsp; &nbsp;&nbsp;&nbsp;&nbsp;&nbsp;&nbsp;&nbsp;&nbsp;2 personnes 25 000 CFA<\/td><\/tr><tr><td>Nuit\u00e9e insolite dans une cabane nich\u00e9e sur un Baobab<\/td><td>35 000 CFA<\/td><\/tr><tr><td colspan=\"2\"><strong>RESTAURATION : Boisson en suppl\u00e9ment<\/strong><\/td><\/tr><tr><td>Crevettes\/sole<\/td><td>4 000 F CFA<\/td><\/tr><tr><td>Poisson\/poulet\/lotte<\/td><td>5 000 F CFA<\/td><\/tr><tr><td>Gambas<\/td><td>6 000 F CFA<\/td><\/tr><tr><td>Porc\/Canard<\/td><td>6 500 F CFA<\/td><\/tr><\/tbody><\/table><\/figure>\n\n\n\n<p><strong>Activit\u00e9s \/Excursions<\/strong><\/p>\n\n\n\n<figure class=\"wp-block-table\"><table class=\"has-fixed-layout\"><tbody><tr><td>Visite de l\u2019ile aux oiseaux<\/td><td>5.000 f cfa<\/td><\/tr><tr><td>Visite des Iles<\/td><td>20.000 f cfa<\/td><\/tr><tr><td>Visite Carabane<\/td><td>35.000 f cfa<\/td><\/tr><tr><td>Paddle \u00e0 la location<\/td><td>6.000 CFA \/ personne pour 1H<\/td><\/tr><tr><td colspan=\"2\"><strong>Transferts Aller\/Retour<\/strong><\/td><\/tr><tr><td>Depuis Katakalousse<\/td><td>20.000 f cfa<\/td><\/tr><tr><td>Depuis Elinkine<\/td><td>10.000 CFA<\/td><\/tr><tr><td>Depuis Egueye<\/td><td>10.000 CFA<\/td><\/tr><tr><td>Bouyouye<\/td><td>20.000 f cfa<\/td><\/tr><tr><td>Carabane<\/td><td>30.000 f cfa<\/td><\/tr><\/tbody><\/table><\/figure>\n","protected":false},"excerpt":{"rendered":"<p>\u00a0Contacts du g\u00e9rant : +221 77 018 97 39 Capacit\u00e9 d\u2019accueil : 10 personnes Nombre de chambres : 5 chambres (lit 2 personnes) Co\u00fbt de la nuit\u00e9e 20.000 f cfa Electricit\u00e9 et internet (wifi) : Disponibles HEBERGEMENT : Co\u00fbt de la nuit\u00e9e Chambre simple 1 personne 10 000 CFA Demi-pension 1 personne 15 000 F [&hellip;]<\/p>\n","protected":false},"author":2,"featured_media":0,"parent":0,"menu_order":0,"comment_status":"closed","ping_status":"closed","template":"","meta":{"om_disable_all_campaigns":false,"_monsterinsights_skip_tracking":false,"_monsterinsights_sitenote_active":false,"_monsterinsights_sitenote_note":"","_monsterinsights_sitenote_category":0,"footnotes":""},"class_list":["post-4327","page","type-page","status-publish","hentry"],"aioseo_notices":[],"_links":{"self":[{"href":"https:\/\/reseau-iles-casamance.org\/index.php?rest_route=\/wp\/v2\/pages\/4327","targetHints":{"allow":["GET"]}}],"collection":[{"href":"https:\/\/reseau-iles-casamance.org\/index.php?rest_route=\/wp\/v2\/pages"}],"about":[{"href":"https:\/\/reseau-iles-casamance.org\/index.php?rest_route=\/wp\/v2\/types\/page"}],"author":[{"embeddable":true,"href":"https:\/\/reseau-iles-casamance.org\/index.php?rest_route=\/wp\/v2\/users\/2"}],"replies":[{"embeddable":true,"href":"https:\/\/reseau-iles-casamance.org\/index.php?rest_route=%2Fwp%2Fv2%2Fcomments&post=4327"}],"version-history":[{"count":1,"href":"https:\/\/reseau-iles-casamance.org\/index.php?rest_route=\/wp\/v2\/pages\/4327\/revisions"}],"predecessor-version":[{"id":4328,"href":"https:\/\/reseau-iles-casamance.org\/index.php?rest_route=\/wp\/v2\/pages\/4327\/revisions\/4328"}],"wp:attachment":[{"href":"https:\/\/reseau-iles-casamance.org\/index.php?rest_route=%2Fwp%2Fv2%2Fmedia&parent=4327"}],"curies":[{"name":"wp","href":"https:\/\/api.w.org\/{rel}","templated":true}]}}