{"id":4363,"date":"2025-10-19T21:24:42","date_gmt":"2025-10-19T19:24:42","guid":{"rendered":"https:\/\/reseau-iles-casamance.org\/?page_id=4363"},"modified":"2025-10-19T21:24:43","modified_gmt":"2025-10-19T19:24:43","slug":"campement-chez-helena-carabane","status":"publish","type":"page","link":"https:\/\/reseau-iles-casamance.org\/?page_id=4363","title":{"rendered":"CAMPEMENT CHEZ h\u00e9l\u00e8na (CARABane)"},"content":{"rendered":"\n<p>Contacts du g\u00e9rant : +221 77 654 17 72<\/p>\n\n\n\n<figure class=\"wp-block-table\"><table class=\"has-fixed-layout\"><tbody><tr><td>Capacit\u00e9 d\u2019accueil :<\/td><td colspan=\"2\">16 personnes<\/td><\/tr><tr><td>Nombre de chambres :<\/td><td colspan=\"2\">8 chambres (dont 1 grand lit et 1 petit lit)<\/td><\/tr><tr><td>Electricit\u00e9 et internet (wifi)<\/td><td colspan=\"2\">Disponibles mais pas \u00e0 temps plein<\/td><\/tr><tr><td>Logistique de transport<\/td><td colspan=\"2\">Disponibles<\/td><\/tr><tr><td colspan=\"3\"><strong>HEBERGEMENT<\/strong><strong><\/strong><\/td><\/tr><tr><td colspan=\"3\"><strong>Tarifs chambres (1 personne) : <\/strong><strong><\/strong><\/td><\/tr><tr><td>Demi-pension<\/td><td colspan=\"2\">13 000 F CFA<\/td><\/tr><tr><td>Pension Compl\u00e8te<\/td><td colspan=\"2\">15 000 F CFA<\/td><\/tr><tr><td colspan=\"3\"><strong>Tarifs chambres (1 personne) :<\/strong><\/td><\/tr><tr><td colspan=\"2\">Demi-pension<\/td><td>12 500 F CFA<\/td><\/tr><tr><td colspan=\"2\">Pension Compl\u00e8te<\/td><td>14 000 F CFA<\/td><\/tr><tr><td colspan=\"3\"><strong>RESTAURATION<\/strong><strong><\/strong><\/td><\/tr><tr><td colspan=\"3\">Le menu complet est \u00e0 5000 F CFA<\/td><\/tr><tr><td><\/td><td><\/td><td><\/td><\/tr><\/tbody><\/table><\/figure>\n\n\n\n<p><strong>Excursions<\/strong><\/p>\n\n\n\n<figure class=\"wp-block-table\"><table class=\"has-fixed-layout\"><tbody><tr><td>Location de bateau avec piroguier pour balade dans les bolongs, sur les \u00eeles voisines, ou sorties p\u00eaches : tarifs \u00e0 discuter avec la g\u00e9rante Marie H\u00e9l\u00e8ne.<\/td><\/tr><\/tbody><\/table><\/figure>\n","protected":false},"excerpt":{"rendered":"<p>Contacts du g\u00e9rant : +221 77 654 17 72 Capacit\u00e9 d\u2019accueil : 16 personnes Nombre de chambres : 8 chambres (dont 1 grand lit et 1 petit lit) Electricit\u00e9 et internet (wifi) Disponibles mais pas \u00e0 temps plein Logistique de transport Disponibles HEBERGEMENT Tarifs chambres (1 personne) : Demi-pension 13 000 F CFA Pension Compl\u00e8te [&hellip;]<\/p>\n","protected":false},"author":2,"featured_media":0,"parent":0,"menu_order":0,"comment_status":"closed","ping_status":"closed","template":"","meta":{"om_disable_all_campaigns":false,"_monsterinsights_skip_tracking":false,"_monsterinsights_sitenote_active":false,"_monsterinsights_sitenote_note":"","_monsterinsights_sitenote_category":0,"footnotes":""},"class_list":["post-4363","page","type-page","status-publish","hentry"],"aioseo_notices":[],"_links":{"self":[{"href":"https:\/\/reseau-iles-casamance.org\/index.php?rest_route=\/wp\/v2\/pages\/4363","targetHints":{"allow":["GET"]}}],"collection":[{"href":"https:\/\/reseau-iles-casamance.org\/index.php?rest_route=\/wp\/v2\/pages"}],"about":[{"href":"https:\/\/reseau-iles-casamance.org\/index.php?rest_route=\/wp\/v2\/types\/page"}],"author":[{"embeddable":true,"href":"https:\/\/reseau-iles-casamance.org\/index.php?rest_route=\/wp\/v2\/users\/2"}],"replies":[{"embeddable":true,"href":"https:\/\/reseau-iles-casamance.org\/index.php?rest_route=%2Fwp%2Fv2%2Fcomments&post=4363"}],"version-history":[{"count":1,"href":"https:\/\/reseau-iles-casamance.org\/index.php?rest_route=\/wp\/v2\/pages\/4363\/revisions"}],"predecessor-version":[{"id":4364,"href":"https:\/\/reseau-iles-casamance.org\/index.php?rest_route=\/wp\/v2\/pages\/4363\/revisions\/4364"}],"wp:attachment":[{"href":"https:\/\/reseau-iles-casamance.org\/index.php?rest_route=%2Fwp%2Fv2%2Fmedia&parent=4363"}],"curies":[{"name":"wp","href":"https:\/\/api.w.org\/{rel}","templated":true}]}}