{"id":4372,"date":"2025-10-19T21:26:22","date_gmt":"2025-10-19T19:26:22","guid":{"rendered":"https:\/\/reseau-iles-casamance.org\/?page_id=4372"},"modified":"2025-10-19T21:26:23","modified_gmt":"2025-10-19T19:26:23","slug":"campement-alouga-niomoune","status":"publish","type":"page","link":"https:\/\/reseau-iles-casamance.org\/?page_id=4372","title":{"rendered":"campement Alouga (NIOMOUNE)"},"content":{"rendered":"\n<p>Contacts du g\u00e9rant : +221 77 114 01 98 \/ 00 33 6 52 81 69 41<\/p>\n\n\n\n<figure class=\"wp-block-table\"><table class=\"has-fixed-layout\"><tbody><tr><td>Capacit\u00e9 d\u2019accueil :<\/td><td>24 personnes<\/td><\/tr><tr><td>Nombre de chambres :<\/td><td>9 chambres Dont : &#8211; 02 chambres avec trois lits s\u00e9par\u00e9s. &#8211; 04 chambres avec 1 lit double et 1 petit lit &#8211; 03 chambres avec un grand lit : couple<\/td><\/tr><tr><td>Electricit\u00e9 et internet (wifi) :<\/td><td>disponibles mais pas \u00e0 temps plein<\/td><\/tr><tr><td>Salle de r\u00e9union<\/td><td>Disponible (salle \u00e0 manger)<\/td><\/tr><tr><td>Logistique de transport<\/td><td>Disponible<\/td><\/tr><tr><td colspan=\"2\"><strong>HEBERGEMENT<\/strong><\/td><\/tr><tr><td colspan=\"2\"><strong>Nuit Simple :<\/strong><strong><\/strong><\/td><\/tr><tr><td colspan=\"2\">7 000 cfa \/ personne &#8211; Petit d\u00e9jeuner en suppl\u00e9ment : 1500 cfa<\/td><\/tr><tr><td colspan=\"2\"><strong>Demi-pension :<\/strong><strong><\/strong><\/td><\/tr><tr><td colspan=\"2\">10 500 cfa \/ personne &#8211; Inclus : nuit, petit d\u00e9jeuner et 1 repas<\/td><\/tr><tr><td colspan=\"2\"><strong>Pension Compl\u00e8te<\/strong><\/td><\/tr><tr><td colspan=\"2\">14 000 cfa \/ personne Inclus : nuit, petit d\u00e9jeuner et 2 repas<\/td><\/tr><tr><td colspan=\"2\">Enfants de 6 \u00e0 8 ans : 1\/2 tarif<\/td><\/tr><tr><td colspan=\"2\"><strong>RESTAURATION<\/strong><\/td><\/tr><tr><td>Prix du menu<\/td><td>3 500 cfa \/ personne<\/td><\/tr><tr><td colspan=\"2\"><strong>EXCURSIONS<\/strong><\/td><\/tr><tr><td colspan=\"2\">Visites guid\u00e9es gratuites au niveau du village : Rencontre et \u00e9changes avec les populations des diff\u00e9rents quartiers.D\u00e9couverte de nos pratiques ancestrales car le village reste encore tr\u00e8s fortement ancr\u00e9 dans son identit\u00e9 animiste.<\/td><\/tr><tr><td colspan=\"2\">Excursions \u00e0 partager par le nombre de participants. Kouba 60 000 f (sans le repas chez l\u2019habitant)Katy 90 000 f (sans le ou les menus). Prix du menu (entr\u00e9e- plat &#8211; dessert) 3 500 f Pointe Saint Georges 30 000 f. Observation Lamentins plus randonn\u00e9e et escalade (fromager : plus de 25 m\u00e8tres dit &#8211; on) Hitou 30 000 f. Sans le menu du pique-nique 3&nbsp;500 fGrande randonn\u00e9e Niomoune\/ Haere \/ Kand\u00e9\/ Hitou \/ Niomoune : 50 000 f. Sans le menu du pique-nique qui est de 3 500f par participant.visite village p\u00eacheurs, observation oiseaux et dauphins : 25 000 f cfa. Dur\u00e9e 2h ou 3h maximum.<\/td><\/tr><tr><td colspan=\"2\"><strong>TRANSFERTS <\/strong><strong><\/strong><\/td><\/tr><tr><td>Elinkine<\/td><td>50 000 f<\/td><\/tr><tr><td>Carabane<\/td><td>35 000 f et 50 000 f (en fonction de la pirogue)<\/td><\/tr><tr><td>Cachouane<\/td><td>50 000 f<\/td><\/tr><tr><td>Pointe Saint Georges<\/td><td>30 000 f<\/td><\/tr><\/tbody><\/table><\/figure>\n","protected":false},"excerpt":{"rendered":"<p>Contacts du g\u00e9rant : +221 77 114 01 98 \/ 00 33 6 52 81 69 41 Capacit\u00e9 d\u2019accueil : 24 personnes Nombre de chambres : 9 chambres Dont : &#8211; 02 chambres avec trois lits s\u00e9par\u00e9s. &#8211; 04 chambres avec 1 lit double et 1 petit lit &#8211; 03 chambres avec un grand lit [&hellip;]<\/p>\n","protected":false},"author":2,"featured_media":0,"parent":0,"menu_order":0,"comment_status":"closed","ping_status":"closed","template":"","meta":{"om_disable_all_campaigns":false,"_monsterinsights_skip_tracking":false,"_monsterinsights_sitenote_active":false,"_monsterinsights_sitenote_note":"","_monsterinsights_sitenote_category":0,"footnotes":""},"class_list":["post-4372","page","type-page","status-publish","hentry"],"aioseo_notices":[],"_links":{"self":[{"href":"https:\/\/reseau-iles-casamance.org\/index.php?rest_route=\/wp\/v2\/pages\/4372","targetHints":{"allow":["GET"]}}],"collection":[{"href":"https:\/\/reseau-iles-casamance.org\/index.php?rest_route=\/wp\/v2\/pages"}],"about":[{"href":"https:\/\/reseau-iles-casamance.org\/index.php?rest_route=\/wp\/v2\/types\/page"}],"author":[{"embeddable":true,"href":"https:\/\/reseau-iles-casamance.org\/index.php?rest_route=\/wp\/v2\/users\/2"}],"replies":[{"embeddable":true,"href":"https:\/\/reseau-iles-casamance.org\/index.php?rest_route=%2Fwp%2Fv2%2Fcomments&post=4372"}],"version-history":[{"count":1,"href":"https:\/\/reseau-iles-casamance.org\/index.php?rest_route=\/wp\/v2\/pages\/4372\/revisions"}],"predecessor-version":[{"id":4373,"href":"https:\/\/reseau-iles-casamance.org\/index.php?rest_route=\/wp\/v2\/pages\/4372\/revisions\/4373"}],"wp:attachment":[{"href":"https:\/\/reseau-iles-casamance.org\/index.php?rest_route=%2Fwp%2Fv2%2Fmedia&parent=4372"}],"curies":[{"name":"wp","href":"https:\/\/api.w.org\/{rel}","templated":true}]}}