{"id":4389,"date":"2025-10-19T21:28:42","date_gmt":"2025-10-19T19:28:42","guid":{"rendered":"https:\/\/reseau-iles-casamance.org\/?page_id=4389"},"modified":"2025-10-19T21:28:43","modified_gmt":"2025-10-19T19:28:43","slug":"campement-ile-deffrane","status":"publish","type":"page","link":"https:\/\/reseau-iles-casamance.org\/?page_id=4389","title":{"rendered":"Campement \u00eele d&rsquo;Effrane"},"content":{"rendered":"\n<p>Contacts du g\u00e9rant : +221 77 525 64 01 \/ 78 217 38 29<\/p>\n\n\n\n<figure class=\"wp-block-table\"><table class=\"has-fixed-layout\"><tbody><tr><td>Capacit\u00e9 d\u2019accueil :<\/td><td>25 personnes<\/td><\/tr><tr><td>Nombre de chambres :<\/td><td>14 chambres<\/td><\/tr><tr><td>Electricit\u00e9 et internet (wifi) :<\/td><td>Disponibles<\/td><\/tr><tr><td>Salle de r\u00e9union<\/td><td>disponible<\/td><\/tr><tr><td>Logistique de transport<\/td><td>Disponible<\/td><\/tr><tr><td colspan=\"2\"><strong>HEBERGEMENT ET RESTAURATION<\/strong><strong><\/strong><\/td><\/tr><tr><td>Demie pension en double<\/td><td>18 000 f cfa \/ par personne<\/td><\/tr><tr><td>Pension compl\u00e8te<\/td><td>24 000 f cfa \/ par personne<\/td><\/tr><tr><td>Prix du menu<\/td><td>8000 f cfa \/ personne<\/td><\/tr><\/tbody><\/table><\/figure>\n\n\n\n<p><strong>Excursions<\/strong><\/p>\n\n\n\n<figure class=\"wp-block-table\"><table class=\"has-fixed-layout\"><tbody><tr><td>Wendaye Diourwattou Cachouane Diemb\u00e9ring Carabane Ehidj Katakalousse Sifoka Niomoune Diogu\u00e9 Hitou Gnikine Journ\u00e9es et des demi-journ\u00e9es de p\u00eache Les tarifs des excursions sont \u00e0 discuter avec le g\u00e9rant Mamadou Ndiaye<\/td><\/tr><\/tbody><\/table><\/figure>\n","protected":false},"excerpt":{"rendered":"<p>Contacts du g\u00e9rant : +221 77 525 64 01 \/ 78 217 38 29 Capacit\u00e9 d\u2019accueil : 25 personnes Nombre de chambres : 14 chambres Electricit\u00e9 et internet (wifi) : Disponibles Salle de r\u00e9union disponible Logistique de transport Disponible HEBERGEMENT ET RESTAURATION Demie pension en double 18 000 f cfa \/ par personne Pension compl\u00e8te [&hellip;]<\/p>\n","protected":false},"author":2,"featured_media":0,"parent":0,"menu_order":0,"comment_status":"closed","ping_status":"closed","template":"","meta":{"om_disable_all_campaigns":false,"_monsterinsights_skip_tracking":false,"_monsterinsights_sitenote_active":false,"_monsterinsights_sitenote_note":"","_monsterinsights_sitenote_category":0,"footnotes":""},"class_list":["post-4389","page","type-page","status-publish","hentry"],"aioseo_notices":[],"_links":{"self":[{"href":"https:\/\/reseau-iles-casamance.org\/index.php?rest_route=\/wp\/v2\/pages\/4389","targetHints":{"allow":["GET"]}}],"collection":[{"href":"https:\/\/reseau-iles-casamance.org\/index.php?rest_route=\/wp\/v2\/pages"}],"about":[{"href":"https:\/\/reseau-iles-casamance.org\/index.php?rest_route=\/wp\/v2\/types\/page"}],"author":[{"embeddable":true,"href":"https:\/\/reseau-iles-casamance.org\/index.php?rest_route=\/wp\/v2\/users\/2"}],"replies":[{"embeddable":true,"href":"https:\/\/reseau-iles-casamance.org\/index.php?rest_route=%2Fwp%2Fv2%2Fcomments&post=4389"}],"version-history":[{"count":1,"href":"https:\/\/reseau-iles-casamance.org\/index.php?rest_route=\/wp\/v2\/pages\/4389\/revisions"}],"predecessor-version":[{"id":4390,"href":"https:\/\/reseau-iles-casamance.org\/index.php?rest_route=\/wp\/v2\/pages\/4389\/revisions\/4390"}],"wp:attachment":[{"href":"https:\/\/reseau-iles-casamance.org\/index.php?rest_route=%2Fwp%2Fv2%2Fmedia&parent=4389"}],"curies":[{"name":"wp","href":"https:\/\/api.w.org\/{rel}","templated":true}]}}