{"id":4398,"date":"2025-10-19T21:30:55","date_gmt":"2025-10-19T19:30:55","guid":{"rendered":"https:\/\/reseau-iles-casamance.org\/?page_id=4398"},"modified":"2025-10-19T21:30:56","modified_gmt":"2025-10-19T19:30:56","slug":"campement-ankel","status":"publish","type":"page","link":"https:\/\/reseau-iles-casamance.org\/?page_id=4398","title":{"rendered":"Campement ANKEL"},"content":{"rendered":"\n<p>Contacts du g\u00e9rant : <a href=\"https:\/\/www.google.com\/search?q=campement+Ankel+Cachouane&amp;sca_esv=0f3f3d91d2ee70a0&amp;sxsrf=AE3TifPWo1kumzYae3NMegyJGOH5LuGgOg%3A1752596562766&amp;ei=UoB2aIeILo6pkdUPhbjVgQY&amp;hotel_occupancy=&amp;ved=0ahUKEwiH-br8or-OAxWOVKQEHQVcNWAQ4dUDCBA&amp;uact=5&amp;oq=campement+Ankel+Cachouane&amp;gs_lp=Egxnd3Mtd2l6LXNlcnAiGWNhbXBlbWVudCBBbmtlbCBDYWNob3VhbmUyCBAAGIAEGKIEMgUQABjvBTIIEAAYgAQYogQyCBAAGIAEGKIEMgUQABjvBUijW1DcBViGUXABeACQAQCYAbICoAG4FKoBCDAuMTUuMC4xuAEDyAEA-AEBmAIRoALuFMICCxAAGIAEGLADGKIEwgIIEAAYsAMY7wXCAggQABgIGA0YHsICFBAuGBYYxwEYmAUYChibBRgeGK8BwgIjEC4YFhjHARiYBRgKGJsFGB4YrwEYlwUY3AQY3gQY4ATYAQHCAgUQIRifBZgDAIgGAZAGBboGBggBEAEYFJIHCDEuMTUuMC4xoAeqQLIHCDAuMTUuMC4xuAfpFMIHBjAuMTMuNMgHKw&amp;sclient=gws-wiz-serp\">77 945 73 06<\/a> \/ 77 971 45 58<\/p>\n\n\n\n<figure class=\"wp-block-table\"><table class=\"has-fixed-layout\"><tbody><tr><td>Capacit\u00e9 d\u2019accueil :<\/td><td>12 personnes<\/td><\/tr><tr><td>Nombre de chambres &nbsp;<\/td><td>6 chambres (lit double dans chaque chambre)<\/td><\/tr><tr><td>Electricit\u00e9 et internet (wifi) :<\/td><td>Disponibles<\/td><\/tr><tr><td>Salle de r\u00e9union<\/td><td>Non disponible<\/td><\/tr><tr><td>Logistique de transport<\/td><td>Disponible<\/td><\/tr><tr><td colspan=\"2\"><strong>HEBERGEMENT ET RESTAURATION<\/strong><strong><\/strong><\/td><\/tr><tr><td>Demie pension en double<\/td><td>15 000 f cfa \/ par personne<\/td><\/tr><tr><td>Pension compl\u00e8te<\/td><td>20 000 f cfa \/ par personne<\/td><\/tr><tr><td>Prix du menu<\/td><td>entre 4000 f cfa et 5000 f cfa<\/td><\/tr><\/tbody><\/table><\/figure>\n\n\n\n<p><strong>Excursions<\/strong><\/p>\n\n\n\n<figure class=\"wp-block-table\"><table class=\"has-fixed-layout\"><tbody><tr><td>Les excursions au niveau des \u00eeles sont au choix avec des prix diff\u00e9rents, Ile de Wendaye, Sifoka et l&rsquo;\u00eele Ehidj 50 000f \u00e7a sera en pirogue dans les mangroves, Visite \u00eele de Carabane 45 000 f cfa aller et retour<\/td><\/tr><\/tbody><\/table><\/figure>\n","protected":false},"excerpt":{"rendered":"<p>Contacts du g\u00e9rant : 77 945 73 06 \/ 77 971 45 58 Capacit\u00e9 d\u2019accueil : 12 personnes Nombre de chambres &nbsp; 6 chambres (lit double dans chaque chambre) Electricit\u00e9 et internet (wifi) : Disponibles Salle de r\u00e9union Non disponible Logistique de transport Disponible HEBERGEMENT ET RESTAURATION Demie pension en double 15 000 f cfa [&hellip;]<\/p>\n","protected":false},"author":2,"featured_media":0,"parent":0,"menu_order":0,"comment_status":"closed","ping_status":"closed","template":"","meta":{"om_disable_all_campaigns":false,"_monsterinsights_skip_tracking":false,"_monsterinsights_sitenote_active":false,"_monsterinsights_sitenote_note":"","_monsterinsights_sitenote_category":0,"footnotes":""},"class_list":["post-4398","page","type-page","status-publish","hentry"],"aioseo_notices":[],"_links":{"self":[{"href":"https:\/\/reseau-iles-casamance.org\/index.php?rest_route=\/wp\/v2\/pages\/4398","targetHints":{"allow":["GET"]}}],"collection":[{"href":"https:\/\/reseau-iles-casamance.org\/index.php?rest_route=\/wp\/v2\/pages"}],"about":[{"href":"https:\/\/reseau-iles-casamance.org\/index.php?rest_route=\/wp\/v2\/types\/page"}],"author":[{"embeddable":true,"href":"https:\/\/reseau-iles-casamance.org\/index.php?rest_route=\/wp\/v2\/users\/2"}],"replies":[{"embeddable":true,"href":"https:\/\/reseau-iles-casamance.org\/index.php?rest_route=%2Fwp%2Fv2%2Fcomments&post=4398"}],"version-history":[{"count":1,"href":"https:\/\/reseau-iles-casamance.org\/index.php?rest_route=\/wp\/v2\/pages\/4398\/revisions"}],"predecessor-version":[{"id":4399,"href":"https:\/\/reseau-iles-casamance.org\/index.php?rest_route=\/wp\/v2\/pages\/4398\/revisions\/4399"}],"wp:attachment":[{"href":"https:\/\/reseau-iles-casamance.org\/index.php?rest_route=%2Fwp%2Fv2%2Fmedia&parent=4398"}],"curies":[{"name":"wp","href":"https:\/\/api.w.org\/{rel}","templated":true}]}}