{"id":4407,"date":"2025-10-19T21:34:25","date_gmt":"2025-10-19T19:34:25","guid":{"rendered":"https:\/\/reseau-iles-casamance.org\/?page_id=4407"},"modified":"2025-10-19T21:34:26","modified_gmt":"2025-10-19T19:34:26","slug":"campement-afambil-chez-leon-ile-dehidj","status":"publish","type":"page","link":"https:\/\/reseau-iles-casamance.org\/?page_id=4407","title":{"rendered":"Campement Afambil Chez L\u00e9on (ile d\u2019ehidj)"},"content":{"rendered":"\n<p>Contacts du g\u00e9rant : <a href=\"https:\/\/www.google.com\/search?q=campement+chez+leon+casamance&amp;oq=Campement+Chez+L%C3%A9on+&amp;gs_lcrp=EgZjaHJvbWUqCggCEAAYogQYiQUyBggAEEUYOTIICAEQABgHGB4yCggCEAAYogQYiQUyBwgDEAAY7wUyBwgEEAAY7wUyBwgFEAAY7wUyCggGEAAYgAQYogTSAQkxNDUzNmowajeoAgiwAgHxBYuSvbqfaZ748QWLkr26n2me-A&amp;sourceid=chrome&amp;ie=UTF-8\">77 566 99 73<\/a><\/p>\n\n\n\n<figure class=\"wp-block-table\"><table class=\"has-fixed-layout\"><tbody><tr><td>Capacit\u00e9 d\u2019accueil :<\/td><td>22 personnes<\/td><\/tr><tr><td>Nombre de chambres &nbsp;<\/td><td>8 chambres (6 triples et 2 double)<\/td><\/tr><tr><td>Electricit\u00e9 et internet (wifi) :<\/td><td>Disponibles (panneau solaire)<\/td><\/tr><tr><td>Salle de r\u00e9union<\/td><td>Non disponible<\/td><\/tr><tr><td>Logistique de transport<\/td><td>Disponible<\/td><\/tr><tr><td colspan=\"2\"><strong>HEBERGEMENT ET RESTAURATION<\/strong><strong><\/strong><\/td><\/tr><tr><td colspan=\"2\"><strong>Chambre standard (1personne) :<\/strong><\/td><\/tr><tr><td>Chambre + petit d\u00e9jeuner 15 000 F CFA<\/td><td>Demi-pension : 21 000 F CFA<\/td><\/tr><tr><td colspan=\"2\"><strong>Salle de bain et toilettes priv\u00e9e (2personnes)<\/strong><\/td><\/tr><tr><td>Chambre + petit d\u00e9jeuner : 17 500 F CFA<\/td><td>Demi-pension : 29 000 F CFA<\/td><\/tr><tr><td>Pension compl\u00e8te : 41 500 F CFA<\/td><td>7 jours &#8211; 7 nuits : 270 000 F CFA<\/td><\/tr><tr><td colspan=\"2\"><strong>Chambre confort (1personne)<\/strong><\/td><\/tr><tr><td>Chambre + petit d\u00e9jeuner : 19 000 F CFA<\/td><td>Demi-pension : 25 000 F CFA<\/td><\/tr><tr><td>Pension compl\u00e8te : 31 500 F CFA<\/td><td>7 jours &#8211; 7 nuits : 197 000 F CFA<\/td><\/tr><tr><td colspan=\"2\"><strong>Terrasse vue sur le bolong (2personnes) :<\/strong><\/td><\/tr><tr><td>Chambre + petit d\u00e9jeuner : 24 000 F CFA<\/td><td>Demi-pension : 31 000 F CFA<\/td><\/tr><tr><td>Pension compl\u00e8te : 43 000 F CFA<\/td><td>7 jours &#8211; 7 nuits : 281 000 F CFA<\/td><\/tr><tr><td colspan=\"2\"><strong>Case luxe (1personne) :<\/strong><strong><\/strong><\/td><\/tr><tr><td>Chambre + petit d\u00e9jeuner : 22 500 F CFA<\/td><td>Demi-pension : 28 500 F CFA<\/td><\/tr><tr><td>Pension compl\u00e8te : 34 500 F CFA<\/td><td>7 jours &#8211; 7 nuits : 221 500 F CFA<\/td><\/tr><tr><td colspan=\"2\"><strong>Jardin priv\u00e9 pieds dans l\u2019eau (2personnes) : <\/strong><strong><\/strong><\/td><\/tr><tr><td>Chambre + petit d\u00e9jeuner : 32 500 F CFA<\/td><td>Demi-pension : 44 500 F CFA<\/td><\/tr><tr><td>Pension compl\u00e8te : 56 500 F CFA<\/td><td>7 jours &#8211; 7 nuits : 375 500 F CFA<\/td><\/tr><tr><td colspan=\"2\"><strong>3 <sup>\u00e8me<\/sup> personne en chambre :<\/strong><\/td><\/tr><tr><td>Chambre + petit d\u00e9jeuner : 5 000 F CFA<\/td><td>Demi-pension : 12 000 F CFA<\/td><\/tr><tr><td>Pension compl\u00e8te : 17 000 F CFA<\/td><td>7 jours &#8211; 7 nuits : 150 000 F CFA<\/td><\/tr><tr><td>Enfant de 2 ans : Gratuit<\/td><td>&nbsp;<\/td><\/tr><tr><td>Enfant en dessous de 8 ans : demi-tarif<\/td><td>&nbsp;<\/td><\/tr><\/tbody><\/table><\/figure>\n\n\n\n<p><strong>EXCURSION ET ACTIVITES<\/strong><\/p>\n\n\n\n<figure class=\"wp-block-table\"><table class=\"has-fixed-layout\"><tbody><tr><td>Katakalousse ou Elinkine<\/td><td>20 000 F CFA (aller-retour)<\/td><\/tr><tr><td>Journ\u00e9e de p\u00eache ou visite dans les \u00eeles<\/td><td>60 000 F CFA<\/td><\/tr><tr><td>\u00bd journ\u00e9e de p\u00eache ou visite dans les \u00eeles<\/td><td>40 000 F CFA<\/td><\/tr><tr><td>Tarif de s\u00e9jour<\/td><td>1000 F CFA<\/td><\/tr><tr><td>Service blanchisserie<\/td><td>5 000 F CFA le sac de linge<\/td><\/tr><\/tbody><\/table><\/figure>\n","protected":false},"excerpt":{"rendered":"<p>Contacts du g\u00e9rant : 77 566 99 73 Capacit\u00e9 d\u2019accueil : 22 personnes Nombre de chambres &nbsp; 8 chambres (6 triples et 2 double) Electricit\u00e9 et internet (wifi) : Disponibles (panneau solaire) Salle de r\u00e9union Non disponible Logistique de transport Disponible HEBERGEMENT ET RESTAURATION Chambre standard (1personne) : Chambre + petit d\u00e9jeuner 15 000 F [&hellip;]<\/p>\n","protected":false},"author":2,"featured_media":0,"parent":0,"menu_order":0,"comment_status":"closed","ping_status":"closed","template":"","meta":{"om_disable_all_campaigns":false,"_monsterinsights_skip_tracking":false,"_monsterinsights_sitenote_active":false,"_monsterinsights_sitenote_note":"","_monsterinsights_sitenote_category":0,"footnotes":""},"class_list":["post-4407","page","type-page","status-publish","hentry"],"aioseo_notices":[],"_links":{"self":[{"href":"https:\/\/reseau-iles-casamance.org\/index.php?rest_route=\/wp\/v2\/pages\/4407","targetHints":{"allow":["GET"]}}],"collection":[{"href":"https:\/\/reseau-iles-casamance.org\/index.php?rest_route=\/wp\/v2\/pages"}],"about":[{"href":"https:\/\/reseau-iles-casamance.org\/index.php?rest_route=\/wp\/v2\/types\/page"}],"author":[{"embeddable":true,"href":"https:\/\/reseau-iles-casamance.org\/index.php?rest_route=\/wp\/v2\/users\/2"}],"replies":[{"embeddable":true,"href":"https:\/\/reseau-iles-casamance.org\/index.php?rest_route=%2Fwp%2Fv2%2Fcomments&post=4407"}],"version-history":[{"count":1,"href":"https:\/\/reseau-iles-casamance.org\/index.php?rest_route=\/wp\/v2\/pages\/4407\/revisions"}],"predecessor-version":[{"id":4408,"href":"https:\/\/reseau-iles-casamance.org\/index.php?rest_route=\/wp\/v2\/pages\/4407\/revisions\/4408"}],"wp:attachment":[{"href":"https:\/\/reseau-iles-casamance.org\/index.php?rest_route=%2Fwp%2Fv2%2Fmedia&parent=4407"}],"curies":[{"name":"wp","href":"https:\/\/api.w.org\/{rel}","templated":true}]}}