{"id":4416,"date":"2025-10-19T21:36:12","date_gmt":"2025-10-19T19:36:12","guid":{"rendered":"https:\/\/reseau-iles-casamance.org\/?page_id=4416"},"modified":"2025-10-19T21:36:13","modified_gmt":"2025-10-19T19:36:13","slug":"campement-la-palmeraie-des-robinsons-sifoka","status":"publish","type":"page","link":"https:\/\/reseau-iles-casamance.org\/?page_id=4416","title":{"rendered":"Campement La Palmeraie des Robinsons (SIFOKA)"},"content":{"rendered":"\n<p>Contacts du g\u00e9rant : +221 77 087 42 58<\/p>\n\n\n\n<figure class=\"wp-block-table\"><table class=\"has-fixed-layout\"><tbody><tr><td>Capacit\u00e9 d\u2019accueil :<\/td><td>20 personnes<\/td><\/tr><tr><td>Nombre de chambres &nbsp;<\/td><td>7 chambres (3 triples et 4 doubles)<\/td><\/tr><tr><td>Electricit\u00e9 et internet (wifi) :<\/td><td>Disponibles (panneau solaire)<\/td><\/tr><tr><td>Salle de r\u00e9union<\/td><td>Non disponible<\/td><\/tr><tr><td>Logistique de transport<\/td><td>Disponible<\/td><\/tr><tr><td colspan=\"2\"><strong>HEBERGEMENT ET RESTAURATION<\/strong><strong><\/strong><\/td><\/tr><tr><td>Chambre simple en pension compl\u00e8te<\/td><td>21000 f cfa<\/td><\/tr><tr><td>Chambre double en pension compl\u00e8te<\/td><td>32000 f cfa<\/td><\/tr><tr><td>Chambre triple pour adultes en pension compl\u00e8te<\/td><td>48000 f cfa<\/td><\/tr><tr><td colspan=\"2\"><strong>Demi-pension<\/strong><strong><\/strong><\/td><\/tr><tr><td>Single<\/td><td>15500 f cfa<\/td><\/tr><tr><td>Double<\/td><td>26 000 f cfa<\/td><\/tr><tr><td>Menu complet<\/td><td>5500 f cfa par personne<\/td><\/tr><\/tbody><\/table><\/figure>\n\n\n\n<p><strong>EXCURSION ET ACTIVITES<\/strong><\/p>\n\n\n\n<figure class=\"wp-block-table\"><table class=\"has-fixed-layout\"><tbody><tr><td colspan=\"2\"><strong>ACTIVITES<\/strong><strong><\/strong><\/td><\/tr><tr><td>La p\u00eache<\/td><td>40000 f cfa \/ journ\u00e9e<\/td><\/tr><tr><td>Visite de croco<\/td><td>35000 f cfa<\/td><\/tr><tr><td colspan=\"2\"><strong>EXCURSION<\/strong><\/td><\/tr><tr><td>Carabane<\/td><td>20 000 F CFA<\/td><\/tr><tr><td>Elinkine<\/td><td>7 500 F CFA<\/td><\/tr><tr><td>Cachouane<\/td><td>10 000 F CFA<\/td><\/tr><\/tbody><\/table><\/figure>\n","protected":false},"excerpt":{"rendered":"<p>Contacts du g\u00e9rant : +221 77 087 42 58 Capacit\u00e9 d\u2019accueil : 20 personnes Nombre de chambres &nbsp; 7 chambres (3 triples et 4 doubles) Electricit\u00e9 et internet (wifi) : Disponibles (panneau solaire) Salle de r\u00e9union Non disponible Logistique de transport Disponible HEBERGEMENT ET RESTAURATION Chambre simple en pension compl\u00e8te 21000 f cfa Chambre double [&hellip;]<\/p>\n","protected":false},"author":2,"featured_media":0,"parent":0,"menu_order":0,"comment_status":"closed","ping_status":"closed","template":"","meta":{"om_disable_all_campaigns":false,"_monsterinsights_skip_tracking":false,"_monsterinsights_sitenote_active":false,"_monsterinsights_sitenote_note":"","_monsterinsights_sitenote_category":0,"footnotes":""},"class_list":["post-4416","page","type-page","status-publish","hentry"],"aioseo_notices":[],"_links":{"self":[{"href":"https:\/\/reseau-iles-casamance.org\/index.php?rest_route=\/wp\/v2\/pages\/4416","targetHints":{"allow":["GET"]}}],"collection":[{"href":"https:\/\/reseau-iles-casamance.org\/index.php?rest_route=\/wp\/v2\/pages"}],"about":[{"href":"https:\/\/reseau-iles-casamance.org\/index.php?rest_route=\/wp\/v2\/types\/page"}],"author":[{"embeddable":true,"href":"https:\/\/reseau-iles-casamance.org\/index.php?rest_route=\/wp\/v2\/users\/2"}],"replies":[{"embeddable":true,"href":"https:\/\/reseau-iles-casamance.org\/index.php?rest_route=%2Fwp%2Fv2%2Fcomments&post=4416"}],"version-history":[{"count":1,"href":"https:\/\/reseau-iles-casamance.org\/index.php?rest_route=\/wp\/v2\/pages\/4416\/revisions"}],"predecessor-version":[{"id":4417,"href":"https:\/\/reseau-iles-casamance.org\/index.php?rest_route=\/wp\/v2\/pages\/4416\/revisions\/4417"}],"wp:attachment":[{"href":"https:\/\/reseau-iles-casamance.org\/index.php?rest_route=%2Fwp%2Fv2%2Fmedia&parent=4416"}],"curies":[{"name":"wp","href":"https:\/\/api.w.org\/{rel}","templated":true}]}}