{"id":4425,"date":"2025-10-19T21:37:24","date_gmt":"2025-10-19T19:37:24","guid":{"rendered":"https:\/\/reseau-iles-casamance.org\/?page_id=4425"},"modified":"2025-10-19T21:37:25","modified_gmt":"2025-10-19T19:37:25","slug":"campement-ilot-eloimeu","status":"publish","type":"page","link":"https:\/\/reseau-iles-casamance.org\/?page_id=4425","title":{"rendered":"Campement \u00celot Elo\u00efmeu"},"content":{"rendered":"\n<p>Contacts du g\u00e9rant : +221 78 950 17 78 \/ 77 544 98 04<\/p>\n\n\n\n<figure class=\"wp-block-table\"><table class=\"has-fixed-layout\"><tbody><tr><td>Capacit\u00e9 d\u2019accueil :<\/td><td>6 personnes<\/td><\/tr><tr><td>Nombre de chambres &nbsp;<\/td><td>3 chambres (doubles)<\/td><\/tr><tr><td>\u00c9lectricit\u00e9<\/td><td>Disponible (panneau solaire)<\/td><\/tr><tr><td>Internet (wifi) :<\/td><td>Non disponible<\/td><\/tr><tr><td>Salle de r\u00e9union<\/td><td>Non disponible<\/td><\/tr><tr><td>Logistique de transport<\/td><td>Disponible<\/td><\/tr><tr><td colspan=\"2\"><strong>HEBERGEMENT ET RESTAURATION<\/strong><strong><\/strong><\/td><\/tr><tr><td>Restauration<\/td><td>capacit\u00e9 de 30 couverts<\/td><\/tr><tr><td>Menu<\/td><td>5000 \/ personne<\/td><\/tr><tr><td colspan=\"2\"><strong>Prix par chambre : 1 personne<\/strong><\/td><\/tr><tr><td>Chambre + petit d\u00e9jeuner<\/td><td>11 000 f cfa<\/td><\/tr><tr><td>Demi-pension<\/td><td>16 000 f cfa<\/td><\/tr><tr><td>Pension compl\u00e8te<\/td><td>21 000 f cfa<\/td><\/tr><tr><td colspan=\"2\"><strong>Prix chambre double<\/strong><\/td><\/tr><tr><td>Chambre + petit d\u00e9jeuner<\/td><td>14 500 f cfa<\/td><\/tr><tr><td>Demi-pension<\/td><td>22 500 f cfa<\/td><\/tr><tr><td>Pension compl\u00e8te<\/td><td>30 500 f cfa<\/td><\/tr><tr><td colspan=\"2\"><strong>Prix single : Pour 7 jours dont (6nuits)<\/strong><\/td><\/tr><tr><td>Chambre + petit d\u00e9jeuner :<\/td><td>55 000 f cfa<\/td><\/tr><tr><td>Demi-pension :<\/td><td>72 000 f cfa<\/td><\/tr><tr><td>Pension compl\u00e8te :<\/td><td>94 500 f cfa<\/td><\/tr><tr><td colspan=\"2\"><strong>Prix chambre double<\/strong><\/td><\/tr><tr><td>Chambre + petit d\u00e9jeuner :<\/td><td>72 500 f cfa<\/td><\/tr><tr><td>Demi-pension :<\/td><td>112 500 f cfa<\/td><\/tr><tr><td>Pension compl\u00e8te :<\/td><td>137 250 f cfa<\/td><\/tr><\/tbody><\/table><\/figure>\n","protected":false},"excerpt":{"rendered":"<p>Contacts du g\u00e9rant : +221 78 950 17 78 \/ 77 544 98 04 Capacit\u00e9 d\u2019accueil : 6 personnes Nombre de chambres &nbsp; 3 chambres (doubles) \u00c9lectricit\u00e9 Disponible (panneau solaire) Internet (wifi) : Non disponible Salle de r\u00e9union Non disponible Logistique de transport Disponible HEBERGEMENT ET RESTAURATION Restauration capacit\u00e9 de 30 couverts Menu 5000 \/ [&hellip;]<\/p>\n","protected":false},"author":2,"featured_media":0,"parent":0,"menu_order":0,"comment_status":"closed","ping_status":"closed","template":"","meta":{"om_disable_all_campaigns":false,"_monsterinsights_skip_tracking":false,"_monsterinsights_sitenote_active":false,"_monsterinsights_sitenote_note":"","_monsterinsights_sitenote_category":0,"footnotes":""},"class_list":["post-4425","page","type-page","status-publish","hentry"],"aioseo_notices":[],"_links":{"self":[{"href":"https:\/\/reseau-iles-casamance.org\/index.php?rest_route=\/wp\/v2\/pages\/4425","targetHints":{"allow":["GET"]}}],"collection":[{"href":"https:\/\/reseau-iles-casamance.org\/index.php?rest_route=\/wp\/v2\/pages"}],"about":[{"href":"https:\/\/reseau-iles-casamance.org\/index.php?rest_route=\/wp\/v2\/types\/page"}],"author":[{"embeddable":true,"href":"https:\/\/reseau-iles-casamance.org\/index.php?rest_route=\/wp\/v2\/users\/2"}],"replies":[{"embeddable":true,"href":"https:\/\/reseau-iles-casamance.org\/index.php?rest_route=%2Fwp%2Fv2%2Fcomments&post=4425"}],"version-history":[{"count":1,"href":"https:\/\/reseau-iles-casamance.org\/index.php?rest_route=\/wp\/v2\/pages\/4425\/revisions"}],"predecessor-version":[{"id":4426,"href":"https:\/\/reseau-iles-casamance.org\/index.php?rest_route=\/wp\/v2\/pages\/4425\/revisions\/4426"}],"wp:attachment":[{"href":"https:\/\/reseau-iles-casamance.org\/index.php?rest_route=%2Fwp%2Fv2%2Fmedia&parent=4425"}],"curies":[{"name":"wp","href":"https:\/\/api.w.org\/{rel}","templated":true}]}}