{"id":679,"date":"2023-11-11T14:43:59","date_gmt":"2023-11-11T13:43:59","guid":{"rendered":"https:\/\/reseau-iles-casamance.org\/?page_id=679"},"modified":"2023-12-24T16:29:18","modified_gmt":"2023-12-24T15:29:18","slug":"economie-locale","status":"publish","type":"page","link":"https:\/\/reseau-iles-casamance.org\/?page_id=679","title":{"rendered":"Economie locale"},"content":{"rendered":"<div data-colibri-id=\"679-c1\" class=\"style-778 style-local-679-c1 position-relative\">\n  <!---->\n  <div data-colibri-component=\"section\" data-colibri-id=\"679-c11\" id=\"photo-gallery\" class=\"h-section h-section-global-spacing d-flex align-items-lg-center align-items-md-center align-items-center style-1571 style-local-679-c11 position-relative\">\n    <!---->\n    <!---->\n    <div class=\"h-section-grid-container h-section-boxed-container\">\n      <div data-colibri-id=\"679-c15\" class=\"h-row-container gutters-row-lg-2 gutters-row-md-2 gutters-row-2 gutters-row-v-lg-2 gutters-row-v-md-2 gutters-row-v-2 style-1575 style-local-679-c15 position-relative\">\n        <!---->\n        <div class=\"h-row justify-content-lg-center justify-content-md-center justify-content-center align-items-lg-stretch align-items-md-stretch align-items-stretch gutters-col-lg-2 gutters-col-md-2 gutters-col-2 gutters-col-v-lg-2 gutters-col-v-md-2 gutters-col-v-2\">\n          <!---->\n          <div class=\"h-column h-column-container d-flex h-col-lg-auto h-col-md-auto h-col-auto style-1576-outer style-local-679-c16-outer\">\n            <div data-colibri-id=\"679-c16\" class=\"d-flex h-flex-basis h-column__inner h-px-lg-2 h-px-md-2 h-px-2 v-inner-lg-2 v-inner-md-2 v-inner-2 style-1576 style-local-679-c16 position-relative\">\n              <!---->\n              <!---->\n              <div class=\"w-100 h-y-container h-column__content h-column__v-align flex-basis-100 align-self-lg-start align-self-md-start align-self-start\">\n                <!---->\n                <div data-colibri-id=\"679-c17\" class=\"h-global-transition-all h-heading style-1577 style-local-679-c17 position-relative h-element\">\n                  <!---->\n                  <div class=\"h-heading__outer style-1577 style-local-679-c17\">\n                    <!---->\n                    <!---->\n                    <h2 class=\"\">Economie locale<\/h2>\n                  <\/div>\n                <\/div>\n                <div data-colibri-id=\"679-c18\" class=\"h-text h-text-component style-1578 style-local-679-c18 position-relative h-element\">\n                  <!---->\n                  <!---->\n                  <div class=\"\">\n                    <p>Dans nos petites \u00eeles, les activit\u00e9s \u00e9conomiques tournent autour de la valorisation des ressources naturelles. C\u2019est pourquoi le bien-\u00eatre social et \u00e9conomique de nos populations est fortement influenc\u00e9 par l\u2019\u00e9tat du milieu naturel.\n                      Il y a deux activit\u00e9s principales&nbsp;: l\u2019agriculture et la p\u00eache.&nbsp;<\/p>\n                    <p>Pour l\u2019agriculture, il s\u2019agit plus particuli\u00e8rement de la riziculture. Le peuple diola est connu pour son attachement \u00e0 la culture du riz et les insulaires ne font pas exception. La culture du riz s\u2019accompagne d\u2019un am\u00e9nagement tr\u00e8s\n                      pouss\u00e9 des terres, d\u2019une transformation profonde et de longue haleine du milieu naturel puisque l\u2019agriculture de bas-fond ou agriculture de mangrove n\u00e9cessite des am\u00e9nagements pour prot\u00e9ger les cultures contre l\u2019avanc\u00e9e de l\u2019eau\n                      du fleuve Casamance. Ces derni\u00e8res d\u00e9cennies, nous avons not\u00e9 dans toutes les \u00eeles une baisse importante de l\u2019activit\u00e9 agricole qui s\u2019explique par la r\u00e9duction de terres agricoles qui sont envahies par l\u2019eau sal\u00e9e. L\u2019\u00e9l\u00e9vation du\n                      niveau de la mer, combin\u00e9e par l\u2019irr\u00e9gularit\u00e9 des pluies et leur temporalit\u00e9, sont donc les principales causes de la salinisation des terres et de la disparition progressive de l\u2019agriculture dans nos \u00eeles. Dans les \u00eeles comme Carabane\n                      et Diogu\u00e9, l\u2019\u00e9rosion c\u00f4ti\u00e8re a aussi d\u00e9vast\u00e9 plusieurs dizaines d\u2019hectares de terres cultivables.&nbsp;<\/p>\n                    <p>Dans l\u2019agriculture, il faut aussi noter le mara\u00eechage timidement d\u00e9velopp\u00e9 par les femmes. Dans la plupart des \u00eeles, les femmes des villages ont un p\u00e9rim\u00e8tre mara\u00eecher o\u00f9 elles cultivent des l\u00e9gumes destin\u00e9s \u00e0 la consommation et \u00e0\n                      la vente. La cueillette des produits forestiers peut aussi \u00eatre cit\u00e9e parmi les \u00e9conomiques des femmes.<\/p>\n                    <p>Par p\u00eache, on entend la valorisation de l\u2019ensemble des ressources halieutiques. Il y a la p\u00eache traditionnelle pratiqu\u00e9e par les populations autochtones. Cette p\u00eache se fait principalement dans les bolongs du fleuve Casamance. Il y\n                      a aussi la p\u00eache traditionnelle pratiqu\u00e9e par des p\u00eacheurs \u00e9trangers r\u00e9sidant principalement \u00e0 l&rsquo;\u00eele de Diogu\u00e9. Ces populations venues s\u2019installer sp\u00e9cialement pour la p\u00eache pratiquent la p\u00eache en haute mer. Ces derniers proviennent\n                      soit du nord du S\u00e9n\u00e9gal (Saint Louis et petite c\u00f4te) soit du Ghana pour la p\u00eache de requins.&nbsp;<\/p>\n                    <p>A part ces deux types de p\u00eache, il y a la cueillette des hu\u00eetres, des arches, des volutes, etc. Cette cueillette est principalement pratiqu\u00e9e par les femmes. Ces derni\u00e8res sont aussi dans la transformation du poisson et des autres\n                      produits halieutiques pour la commercialisation.&nbsp;<\/p>\n                    <p>L\u2019agriculture, la p\u00eache et le commerce sont les activit\u00e9s \u00e9conomiques qui occupent les populations des petites \u00eeles de la Casamance. On peut y ajouter le tourisme qui prend de plus en plus de l\u2019ampleur dans quelques \u00eeles, avec surtout\n                      l\u2019\u00e9cotourisme et le tourisme solidaire.<\/p>\n                  <\/div>\n                <\/div>\n              <\/div>\n            <\/div>\n          <\/div>\n        <\/div>\n      <\/div>\n      <div data-colibri-id=\"679-c12\" class=\"h-row-container gutters-row-lg-2 gutters-row-md-2 gutters-row-2 gutters-row-v-lg-2 gutters-row-v-md-2 gutters-row-v-2 style-1572 style-local-679-c12 position-relative\">\n        <!---->\n        <div class=\"h-row justify-content-lg-center justify-content-md-center justify-content-center align-items-lg-stretch align-items-md-stretch align-items-stretch gutters-col-lg-2 gutters-col-md-2 gutters-col-2 gutters-col-v-lg-2 gutters-col-v-md-2 gutters-col-v-2\">\n          <!---->\n          <div class=\"h-column h-column-container d-flex h-col-lg-auto h-col-md-auto h-col-auto style-1573-outer style-local-679-c13-outer\">\n            <div data-colibri-id=\"679-c13\" class=\"d-flex h-flex-basis h-column__inner h-px-lg-2 h-px-md-2 h-px-2 v-inner-lg-2 v-inner-md-2 v-inner-2 style-1573 style-local-679-c13 position-relative\">\n              <!---->\n              <!---->\n              <div class=\"w-100 h-y-container h-column__content h-column__v-align flex-basis-100 align-self-lg-start align-self-md-start align-self-start\">\n                <!---->\n                <div data-colibri-component=\"masonry\" data-colibri-id=\"679-c14\" class=\"h-photo-gallery margin-none caption-none style-1574 style-local-679-c14 position-relative h-element\">\n                  <!---->\n                  <div class=\"h-global-transition-all caption-wrapper-full\"><div id='colibri-679-c14' class='gallery-wrapper'>    <style type=\"text\/css\">\n\n        @media (min-width: 1023px) {        #colibri-679-c14        dl {\n            float: left;\n            width: 33.333333333333% !important;\n            max-width: 33.333333333333% !important;\n            min-width: 33.333333333333% !important;\n        }\n\n        #colibri-679-c14        dl:nth-of-type(3n +1 ) {\n            clear: both;\n        }\n\n        }@media (min-width: 768px) and (max-width: 1023px) {        #colibri-679-c14        dl {\n            float: left;\n            width: 33.333333333333% !important;\n            max-width: 33.333333333333% !important;\n            min-width: 33.333333333333% !important;\n        }\n\n        #colibri-679-c14        dl:nth-of-type(3n +1 ) {\n            clear: both;\n        }\n\n        }@media (max-width: 767px) {        #colibri-679-c14        dl {\n            float: left;\n            width: 50% !important;\n            max-width: 50% !important;\n            min-width: 50% !important;\n        }\n\n        #colibri-679-c14        dl:nth-of-type(2n +1 ) {\n            clear: both;\n        }\n\n        }\n        #colibri-679-c14        .gallery-item {\n            position: relative;\n        }\n\n        \n    <\/style>\n    <div   class='colibri-679-c14-dls-wrapper gallery-items-wrapper' ><dl class='gallery-item masonry-item'>\n\t\t\t<dt class='gallery-icon landscape'>\n\t\t\t\t<a data-fancybox=\"colibri-679-c14-group\" href='https:\/\/reseau-iles-casamance.org\/wp-content\/uploads\/2023\/12\/DSC_0671-scaled.jpg'><img fetchpriority=\"high\" decoding=\"async\"  width=\"1024\" height=\"683\" src=\"https:\/\/reseau-iles-casamance.org\/wp-content\/uploads\/2023\/12\/DSC_0671-1024x683.jpg\"  class='colibri-679-c14-image' alt=\"\" srcset=\"https:\/\/reseau-iles-casamance.org\/wp-content\/uploads\/2023\/12\/DSC_0671-1024x683.jpg 1024w, https:\/\/reseau-iles-casamance.org\/wp-content\/uploads\/2023\/12\/DSC_0671-300x200.jpg 300w, https:\/\/reseau-iles-casamance.org\/wp-content\/uploads\/2023\/12\/DSC_0671-768x512.jpg 768w, https:\/\/reseau-iles-casamance.org\/wp-content\/uploads\/2023\/12\/DSC_0671-1536x1024.jpg 1536w, https:\/\/reseau-iles-casamance.org\/wp-content\/uploads\/2023\/12\/DSC_0671-2048x1365.jpg 2048w\" sizes=\"(max-width: 1024px) 100vw, 1024px\" \/><\/a>\n\t\t\t<\/dt><\/dl><dl class='gallery-item masonry-item'>\n\t\t\t<dt class='gallery-icon landscape'>\n\t\t\t\t<a data-fancybox=\"colibri-679-c14-group\" href='https:\/\/reseau-iles-casamance.org\/wp-content\/uploads\/2023\/12\/DSC05940-scaled.jpg'><img decoding=\"async\"  width=\"1024\" height=\"768\" src=\"https:\/\/reseau-iles-casamance.org\/wp-content\/uploads\/2023\/12\/DSC05940-1024x768.jpg\"  class='colibri-679-c14-image' alt=\"\" srcset=\"https:\/\/reseau-iles-casamance.org\/wp-content\/uploads\/2023\/12\/DSC05940-1024x768.jpg 1024w, https:\/\/reseau-iles-casamance.org\/wp-content\/uploads\/2023\/12\/DSC05940-300x225.jpg 300w, https:\/\/reseau-iles-casamance.org\/wp-content\/uploads\/2023\/12\/DSC05940-768x576.jpg 768w, https:\/\/reseau-iles-casamance.org\/wp-content\/uploads\/2023\/12\/DSC05940-1536x1152.jpg 1536w, https:\/\/reseau-iles-casamance.org\/wp-content\/uploads\/2023\/12\/DSC05940-2048x1536.jpg 2048w\" sizes=\"(max-width: 1024px) 100vw, 1024px\" \/><\/a>\n\t\t\t<\/dt><\/dl><dl class='gallery-item masonry-item'>\n\t\t\t<dt class='gallery-icon landscape'>\n\t\t\t\t<a data-fancybox=\"colibri-679-c14-group\" href='https:\/\/reseau-iles-casamance.org\/wp-content\/uploads\/2023\/12\/DSC06011-1-scaled.jpg'><img decoding=\"async\"  width=\"1024\" height=\"768\" src=\"https:\/\/reseau-iles-casamance.org\/wp-content\/uploads\/2023\/12\/DSC06011-1-1024x768.jpg\"  class='colibri-679-c14-image' alt=\"\" srcset=\"https:\/\/reseau-iles-casamance.org\/wp-content\/uploads\/2023\/12\/DSC06011-1-1024x768.jpg 1024w, https:\/\/reseau-iles-casamance.org\/wp-content\/uploads\/2023\/12\/DSC06011-1-300x225.jpg 300w, https:\/\/reseau-iles-casamance.org\/wp-content\/uploads\/2023\/12\/DSC06011-1-768x576.jpg 768w, https:\/\/reseau-iles-casamance.org\/wp-content\/uploads\/2023\/12\/DSC06011-1-1536x1152.jpg 1536w, https:\/\/reseau-iles-casamance.org\/wp-content\/uploads\/2023\/12\/DSC06011-1-2048x1536.jpg 2048w\" sizes=\"(max-width: 1024px) 100vw, 1024px\" \/><\/a>\n\t\t\t<\/dt><\/dl><dl class='gallery-item masonry-item'>\n\t\t\t<dt class='gallery-icon landscape'>\n\t\t\t\t<a data-fancybox=\"colibri-679-c14-group\" href='https:\/\/reseau-iles-casamance.org\/wp-content\/uploads\/2023\/12\/IMG_2589-scaled.jpg'><img loading=\"lazy\" decoding=\"async\"  width=\"1024\" height=\"576\" src=\"https:\/\/reseau-iles-casamance.org\/wp-content\/uploads\/2023\/12\/IMG_2589-1024x576.jpg\"  class='colibri-679-c14-image' alt=\"\" srcset=\"https:\/\/reseau-iles-casamance.org\/wp-content\/uploads\/2023\/12\/IMG_2589-1024x576.jpg 1024w, https:\/\/reseau-iles-casamance.org\/wp-content\/uploads\/2023\/12\/IMG_2589-300x169.jpg 300w, https:\/\/reseau-iles-casamance.org\/wp-content\/uploads\/2023\/12\/IMG_2589-768x432.jpg 768w, https:\/\/reseau-iles-casamance.org\/wp-content\/uploads\/2023\/12\/IMG_2589-1536x864.jpg 1536w, https:\/\/reseau-iles-casamance.org\/wp-content\/uploads\/2023\/12\/IMG_2589-2048x1152.jpg 2048w\" sizes=\"(max-width: 1024px) 100vw, 1024px\" \/><\/a>\n\t\t\t<\/dt><\/dl><dl class='gallery-item masonry-item'>\n\t\t\t<dt class='gallery-icon landscape'>\n\t\t\t\t<a data-fancybox=\"colibri-679-c14-group\" href='https:\/\/reseau-iles-casamance.org\/wp-content\/uploads\/2023\/12\/IMG_2596-scaled.jpg'><img loading=\"lazy\" decoding=\"async\"  width=\"1024\" height=\"768\" src=\"https:\/\/reseau-iles-casamance.org\/wp-content\/uploads\/2023\/12\/IMG_2596-1024x768.jpg\"  class='colibri-679-c14-image' alt=\"\" srcset=\"https:\/\/reseau-iles-casamance.org\/wp-content\/uploads\/2023\/12\/IMG_2596-1024x768.jpg 1024w, https:\/\/reseau-iles-casamance.org\/wp-content\/uploads\/2023\/12\/IMG_2596-300x225.jpg 300w, https:\/\/reseau-iles-casamance.org\/wp-content\/uploads\/2023\/12\/IMG_2596-768x576.jpg 768w, https:\/\/reseau-iles-casamance.org\/wp-content\/uploads\/2023\/12\/IMG_2596-1536x1152.jpg 1536w, https:\/\/reseau-iles-casamance.org\/wp-content\/uploads\/2023\/12\/IMG_2596-2048x1536.jpg 2048w\" sizes=\"(max-width: 1024px) 100vw, 1024px\" \/><\/a>\n\t\t\t<\/dt><\/dl><dl class='gallery-item masonry-item'>\n\t\t\t<dt class='gallery-icon landscape'>\n\t\t\t\t<a data-fancybox=\"colibri-679-c14-group\" href='https:\/\/reseau-iles-casamance.org\/wp-content\/uploads\/2023\/12\/IMG_7216-scaled.jpg'><img loading=\"lazy\" decoding=\"async\"  width=\"1024\" height=\"683\" src=\"https:\/\/reseau-iles-casamance.org\/wp-content\/uploads\/2023\/12\/IMG_7216-1024x683.jpg\"  class='colibri-679-c14-image' alt=\"\" srcset=\"https:\/\/reseau-iles-casamance.org\/wp-content\/uploads\/2023\/12\/IMG_7216-1024x683.jpg 1024w, https:\/\/reseau-iles-casamance.org\/wp-content\/uploads\/2023\/12\/IMG_7216-300x200.jpg 300w, https:\/\/reseau-iles-casamance.org\/wp-content\/uploads\/2023\/12\/IMG_7216-768x512.jpg 768w, https:\/\/reseau-iles-casamance.org\/wp-content\/uploads\/2023\/12\/IMG_7216-1536x1024.jpg 1536w, https:\/\/reseau-iles-casamance.org\/wp-content\/uploads\/2023\/12\/IMG_7216-2048x1365.jpg 2048w\" sizes=\"(max-width: 1024px) 100vw, 1024px\" \/><\/a>\n\t\t\t<\/dt><\/dl><dl class='gallery-item masonry-item'>\n\t\t\t<dt class='gallery-icon landscape'>\n\t\t\t\t<a data-fancybox=\"colibri-679-c14-group\" href='https:\/\/reseau-iles-casamance.org\/wp-content\/uploads\/2023\/12\/IMG_20200122_190633-scaled.jpg'><img loading=\"lazy\" decoding=\"async\"  width=\"1024\" height=\"768\" src=\"https:\/\/reseau-iles-casamance.org\/wp-content\/uploads\/2023\/12\/IMG_20200122_190633-1024x768.jpg\"  class='colibri-679-c14-image' alt=\"\" srcset=\"https:\/\/reseau-iles-casamance.org\/wp-content\/uploads\/2023\/12\/IMG_20200122_190633-1024x768.jpg 1024w, https:\/\/reseau-iles-casamance.org\/wp-content\/uploads\/2023\/12\/IMG_20200122_190633-300x225.jpg 300w, https:\/\/reseau-iles-casamance.org\/wp-content\/uploads\/2023\/12\/IMG_20200122_190633-768x576.jpg 768w, https:\/\/reseau-iles-casamance.org\/wp-content\/uploads\/2023\/12\/IMG_20200122_190633-1536x1152.jpg 1536w, https:\/\/reseau-iles-casamance.org\/wp-content\/uploads\/2023\/12\/IMG_20200122_190633-2048x1536.jpg 2048w\" sizes=\"(max-width: 1024px) 100vw, 1024px\" \/><\/a>\n\t\t\t<\/dt><\/dl><dl class='gallery-item masonry-item'>\n\t\t\t<dt class='gallery-icon landscape'>\n\t\t\t\t<a data-fancybox=\"colibri-679-c14-group\" href='https:\/\/reseau-iles-casamance.org\/wp-content\/uploads\/2023\/12\/ostreic.jpg'><img loading=\"lazy\" decoding=\"async\"  width=\"1024\" height=\"768\" src=\"https:\/\/reseau-iles-casamance.org\/wp-content\/uploads\/2023\/12\/ostreic-1024x768.jpg\"  class='colibri-679-c14-image' alt=\"\" srcset=\"https:\/\/reseau-iles-casamance.org\/wp-content\/uploads\/2023\/12\/ostreic-1024x768.jpg 1024w, https:\/\/reseau-iles-casamance.org\/wp-content\/uploads\/2023\/12\/ostreic-300x225.jpg 300w, https:\/\/reseau-iles-casamance.org\/wp-content\/uploads\/2023\/12\/ostreic-768x576.jpg 768w, https:\/\/reseau-iles-casamance.org\/wp-content\/uploads\/2023\/12\/ostreic.jpg 1080w\" sizes=\"(max-width: 1024px) 100vw, 1024px\" \/><\/a>\n\t\t\t<\/dt><\/dl><dl class='gallery-item masonry-item'>\n\t\t\t<dt class='gallery-icon landscape'>\n\t\t\t\t<a data-fancybox=\"colibri-679-c14-group\" href='https:\/\/reseau-iles-casamance.org\/wp-content\/uploads\/2023\/12\/Peces.jpg'><img loading=\"lazy\" decoding=\"async\"  width=\"1024\" height=\"683\" src=\"https:\/\/reseau-iles-casamance.org\/wp-content\/uploads\/2023\/12\/Peces-1024x683.jpg\"  class='colibri-679-c14-image' alt=\"\" srcset=\"https:\/\/reseau-iles-casamance.org\/wp-content\/uploads\/2023\/12\/Peces-1024x683.jpg 1024w, https:\/\/reseau-iles-casamance.org\/wp-content\/uploads\/2023\/12\/Peces-300x200.jpg 300w, https:\/\/reseau-iles-casamance.org\/wp-content\/uploads\/2023\/12\/Peces-768x512.jpg 768w, https:\/\/reseau-iles-casamance.org\/wp-content\/uploads\/2023\/12\/Peces-1536x1024.jpg 1536w, https:\/\/reseau-iles-casamance.org\/wp-content\/uploads\/2023\/12\/Peces.jpg 2048w\" sizes=\"(max-width: 1024px) 100vw, 1024px\" \/><\/a>\n\t\t\t<\/dt><\/dl><dl class='gallery-item masonry-item'>\n\t\t\t<dt class='gallery-icon landscape'>\n\t\t\t\t<a data-fancybox=\"colibri-679-c14-group\" href='https:\/\/reseau-iles-casamance.org\/wp-content\/uploads\/2023\/12\/Pez.jpg'><img loading=\"lazy\" decoding=\"async\"  width=\"1024\" height=\"683\" src=\"https:\/\/reseau-iles-casamance.org\/wp-content\/uploads\/2023\/12\/Pez-1024x683.jpg\"  class='colibri-679-c14-image' alt=\"\" srcset=\"https:\/\/reseau-iles-casamance.org\/wp-content\/uploads\/2023\/12\/Pez-1024x683.jpg 1024w, https:\/\/reseau-iles-casamance.org\/wp-content\/uploads\/2023\/12\/Pez-300x200.jpg 300w, https:\/\/reseau-iles-casamance.org\/wp-content\/uploads\/2023\/12\/Pez-768x512.jpg 768w, https:\/\/reseau-iles-casamance.org\/wp-content\/uploads\/2023\/12\/Pez-1536x1024.jpg 1536w, https:\/\/reseau-iles-casamance.org\/wp-content\/uploads\/2023\/12\/Pez.jpg 2048w\" sizes=\"(max-width: 1024px) 100vw, 1024px\" \/><\/a>\n\t\t\t<\/dt><\/dl><dl class='gallery-item masonry-item'>\n\t\t\t<dt class='gallery-icon landscape'>\n\t\t\t\t<a data-fancybox=\"colibri-679-c14-group\" href='https:\/\/reseau-iles-casamance.org\/wp-content\/uploads\/2023\/12\/Pezs.jpg'><img loading=\"lazy\" decoding=\"async\"  width=\"1024\" height=\"683\" src=\"https:\/\/reseau-iles-casamance.org\/wp-content\/uploads\/2023\/12\/Pezs-1024x683.jpg\"  class='colibri-679-c14-image' alt=\"\" srcset=\"https:\/\/reseau-iles-casamance.org\/wp-content\/uploads\/2023\/12\/Pezs-1024x683.jpg 1024w, https:\/\/reseau-iles-casamance.org\/wp-content\/uploads\/2023\/12\/Pezs-300x200.jpg 300w, https:\/\/reseau-iles-casamance.org\/wp-content\/uploads\/2023\/12\/Pezs-768x512.jpg 768w, https:\/\/reseau-iles-casamance.org\/wp-content\/uploads\/2023\/12\/Pezs-1536x1024.jpg 1536w, https:\/\/reseau-iles-casamance.org\/wp-content\/uploads\/2023\/12\/Pezs.jpg 2048w\" sizes=\"(max-width: 1024px) 100vw, 1024px\" \/><\/a>\n\t\t\t<\/dt><\/dl><dl class='gallery-item masonry-item'>\n\t\t\t<dt class='gallery-icon landscape'>\n\t\t\t\t<a data-fancybox=\"colibri-679-c14-group\" href='https:\/\/reseau-iles-casamance.org\/wp-content\/uploads\/2023\/12\/Sechage.jpg'><img loading=\"lazy\" decoding=\"async\"  width=\"1024\" height=\"683\" src=\"https:\/\/reseau-iles-casamance.org\/wp-content\/uploads\/2023\/12\/Sechage-1024x683.jpg\"  class='colibri-679-c14-image' alt=\"\" srcset=\"https:\/\/reseau-iles-casamance.org\/wp-content\/uploads\/2023\/12\/Sechage-1024x683.jpg 1024w, https:\/\/reseau-iles-casamance.org\/wp-content\/uploads\/2023\/12\/Sechage-300x200.jpg 300w, https:\/\/reseau-iles-casamance.org\/wp-content\/uploads\/2023\/12\/Sechage-768x512.jpg 768w, https:\/\/reseau-iles-casamance.org\/wp-content\/uploads\/2023\/12\/Sechage-1536x1024.jpg 1536w, https:\/\/reseau-iles-casamance.org\/wp-content\/uploads\/2023\/12\/Sechage.jpg 2048w\" sizes=\"(max-width: 1024px) 100vw, 1024px\" \/><\/a>\n\t\t\t<\/dt><\/dl>\n\t\t<\/div>\n<style>#colibri-679-c14 .wp-caption-text.gallery-caption{display:none;}<\/style><\/div><\/div>\n                <\/div>\n              <\/div>\n            <\/div>\n          <\/div>\n        <\/div>\n      <\/div>\n    <\/div>\n  <\/div>\n<\/div>","protected":false},"excerpt":{"rendered":"<p>Economie locale Dans nos petites \u00eeles, les activit\u00e9s \u00e9conomiques tournent autour de la valorisation des ressources naturelles. C\u2019est pourquoi le bien-\u00eatre social et \u00e9conomique de nos populations est fortement influenc\u00e9 par l\u2019\u00e9tat du milieu naturel. Il y a deux activit\u00e9s principales&nbsp;: l\u2019agriculture et la p\u00eache.&nbsp; Pour l\u2019agriculture, il s\u2019agit plus particuli\u00e8rement de la riziculture. Le [&hellip;]<\/p>\n","protected":false},"author":1,"featured_media":0,"parent":0,"menu_order":0,"comment_status":"closed","ping_status":"closed","template":"page-templates\/full-width-page.php","meta":{"om_disable_all_campaigns":false,"_monsterinsights_skip_tracking":false,"_monsterinsights_sitenote_active":false,"_monsterinsights_sitenote_note":"","_monsterinsights_sitenote_category":0,"footnotes":""},"class_list":["post-679","page","type-page","status-publish","hentry"],"aioseo_notices":[],"_links":{"self":[{"href":"https:\/\/reseau-iles-casamance.org\/index.php?rest_route=\/wp\/v2\/pages\/679","targetHints":{"allow":["GET"]}}],"collection":[{"href":"https:\/\/reseau-iles-casamance.org\/index.php?rest_route=\/wp\/v2\/pages"}],"about":[{"href":"https:\/\/reseau-iles-casamance.org\/index.php?rest_route=\/wp\/v2\/types\/page"}],"author":[{"embeddable":true,"href":"https:\/\/reseau-iles-casamance.org\/index.php?rest_route=\/wp\/v2\/users\/1"}],"replies":[{"embeddable":true,"href":"https:\/\/reseau-iles-casamance.org\/index.php?rest_route=%2Fwp%2Fv2%2Fcomments&post=679"}],"version-history":[{"count":7,"href":"https:\/\/reseau-iles-casamance.org\/index.php?rest_route=\/wp\/v2\/pages\/679\/revisions"}],"predecessor-version":[{"id":2984,"href":"https:\/\/reseau-iles-casamance.org\/index.php?rest_route=\/wp\/v2\/pages\/679\/revisions\/2984"}],"wp:attachment":[{"href":"https:\/\/reseau-iles-casamance.org\/index.php?rest_route=%2Fwp%2Fv2%2Fmedia&parent=679"}],"curies":[{"name":"wp","href":"https:\/\/api.w.org\/{rel}","templated":true}]}}