{"id":711,"date":"2023-11-11T16:06:00","date_gmt":"2023-11-11T15:06:00","guid":{"rendered":"https:\/\/reseau-iles-casamance.org\/?page_id=711"},"modified":"2023-12-24T16:49:20","modified_gmt":"2023-12-24T15:49:20","slug":"tourisme-dans-nos-iles","status":"publish","type":"page","link":"https:\/\/reseau-iles-casamance.org\/?page_id=711","title":{"rendered":"Tourisme dans nos \u00eeles"},"content":{"rendered":"<div data-colibri-id=\"711-c1\" class=\"style-827 style-local-711-c1 position-relative\">\n  <!---->\n  <div data-colibri-component=\"section\" data-colibri-id=\"711-c11\" id=\"photo-gallery\" class=\"h-section h-section-global-spacing d-flex align-items-lg-center align-items-md-center align-items-center style-1587 style-local-711-c11 position-relative\">\n    <!---->\n    <!---->\n    <div class=\"h-section-grid-container h-section-boxed-container\">\n      <div data-colibri-id=\"711-c15\" class=\"h-row-container gutters-row-lg-2 gutters-row-md-2 gutters-row-2 gutters-row-v-lg-2 gutters-row-v-md-2 gutters-row-v-2 style-1591 style-local-711-c15 position-relative\">\n        <!---->\n        <div class=\"h-row justify-content-lg-center justify-content-md-center justify-content-center align-items-lg-stretch align-items-md-stretch align-items-stretch gutters-col-lg-2 gutters-col-md-2 gutters-col-2 gutters-col-v-lg-2 gutters-col-v-md-2 gutters-col-v-2\">\n          <!---->\n          <div class=\"h-column h-column-container d-flex h-col-lg-auto h-col-md-auto h-col-auto style-1592-outer style-local-711-c16-outer\">\n            <div data-colibri-id=\"711-c16\" class=\"d-flex h-flex-basis h-column__inner h-px-lg-2 h-px-md-2 h-px-2 v-inner-lg-2 v-inner-md-2 v-inner-2 style-1592 style-local-711-c16 position-relative\">\n              <!---->\n              <!---->\n              <div class=\"w-100 h-y-container h-column__content h-column__v-align flex-basis-100 align-self-lg-start align-self-md-start align-self-start\">\n                <!---->\n                <div data-colibri-id=\"711-c17\" class=\"h-global-transition-all h-heading style-1593 style-local-711-c17 position-relative h-element\">\n                  <!---->\n                  <div class=\"h-heading__outer style-1593 style-local-711-c17\">\n                    <!---->\n                    <!---->\n                    <h2 class=\"\">Tourisme dans nos \u00eeles<\/h2>\n                  <\/div>\n                <\/div>\n                <div data-colibri-id=\"711-c18\" class=\"h-text h-text-component style-1594 style-local-711-c18 position-relative h-element\">\n                  <!---->\n                  <!---->\n                  <div class=\"\">\n                    <p>Les iles de la Basse Casamance sont de plus en plus une destination privil\u00e9gi\u00e9e pour les touristes qui visitent le S\u00e9n\u00e9gal et les populations des grandes villes du pays \u00e0 la recherche d\u2019endroit calme de d\u00e9tente. Avec une diversit\u00e9\n                      exceptionnelle de paysages et d\u2019\u00e9cosyst\u00e8mes, les \u00eeles de la Casamance sont un v\u00e9ritable paradis tropical, avec des plages de sable blanc et une v\u00e9g\u00e9tation luxuriante. La Casamance est consid\u00e9r\u00e9e par ailleurs comme la plus belle r\u00e9gion\n                      du S\u00e9n\u00e9gal et d\u2019Afrique de l\u2019ouest en raison de la forte diversit\u00e9 de son offre touristique.&nbsp;<\/p>\n                    <p>Le charme de nos \u00eeles repose sur ce m\u00e9lange unique d\u2019eau et de for\u00eat, avec des v\u00e9g\u00e9tations bord\u00e9es par des marigots, des mangroves, des espaces de tanne. Il est possible de trouver des plages bord\u00e9es de cocotiers affichant un paysage\n                      de carte postale. Nos \u00eeles sont le poumon de l\u2019\u00e9cotourisme au S\u00e9n\u00e9gal. Le seul moyen de transport pour rejoindre nos belles \u00eeles est la pirogue et les bolongs du fleuve Casamance bord\u00e9s de mangrove constituent nos autoroutes. Dans\n                      nos \u00eeles vous pouvez donc faire une balade \u00e0 pirogue pour visiter les sites de regroupement d\u2019oiseaux (les \u00eeles aux oiseaux), vous pouvez aussi b\u00e9n\u00e9ficier d\u2019un spectacle de dauphins dans les embouchures au large des \u00eeles de Carabane,\n                      de Diogu\u00e9 et de Saloulou. On peut observer aussi observer les dauphins et quelques lamantins plus \u00e0 l\u2019int\u00e9rieur du fleuve Casamance.<\/p>\n                    <p>L\u2019offre touristique des \u00eeles inclut aussi les d\u00e9couvertes culturelles et cultuelles. Les insulaires \u00e9tant de l\u2019ethnie diola compte plusieurs festivit\u00e9s culturelles avec une diversit\u00e9 de danses traditionnelles. Chez nous, la danse est\n                      un m\u00e9dium qui permet de transmettre des valeurs socio-\u00e9ducatives de g\u00e9n\u00e9ration en g\u00e9n\u00e9ration avec toute la mystique qui l&rsquo;accompagne&nbsp;: danser pour rendre hommage aux disparus, danser pour se divertir, danser \u00e0 l\u2019occasion des\n                      c\u00e9r\u00e9monies de mariage, de d\u00e9c\u00e8s, de bapt\u00eame, d&rsquo;initiation&nbsp;; finalement la danse est li\u00e9e au culte, \u00e0 la magie, \u00e0 l&rsquo;adoration.<\/p>\n                    <p>En plus des sites ornithologiques, nous avons aussi des sites historiques comme l&rsquo;\u00eele de Carabane. Carabane \u00e9tait autrefois un important port de commerce, servant de point de d\u00e9part pour les caravanes commerciales qui parcouraient\n                      l\u2019Afrique de l\u2019Ouest. Pendant la p\u00e9riode coloniale, l\u2019\u00eele est devenue une base pour les n\u00e9gociants fran\u00e7ais et portugais, qui ont construit des maisons coloniales, des \u00e9glises et des mosqu\u00e9es. La p\u00eache sportive attire aussi de plus\n                      en plus de touristes qui la pratiquent dans les m\u00e9andres du fleuve Casamance avec des captures exceptionnelles. La population locale est tr\u00e8s chaleureuse, ce qui est vraiment quelque chose que l\u2019on ressent partout en Casamance, bien\n                      plus qu\u2019ailleurs.&nbsp;<\/p>\n                    <p>Le d\u00e9veloppement du tourisme permet de diversifier l\u2019\u00e9conomie de nos \u00eeles et de cr\u00e9er des emplois locaux, c\u2019est pourquoi, au sein de notre organisation, nous cherchons \u00e0 renforcer la touristification des \u00eeles en mettant l\u2019accent sur\n                      l\u2019\u00e9cotourisme, le tourisme solidaire et culturel. Sachant que le tourisme de masse peut \u00eatre d\u00e9vastateur pour notre environnement, nous veillons \u00e0 ce que le d\u00e9veloppement touristique soit une solution de d\u00e9veloppement local et non\n                      une source de contraintes.<\/p>\n                  <\/div>\n                <\/div>\n              <\/div>\n            <\/div>\n          <\/div>\n        <\/div>\n      <\/div>\n      <div data-colibri-id=\"711-c12\" class=\"h-row-container gutters-row-lg-2 gutters-row-md-2 gutters-row-2 gutters-row-v-lg-2 gutters-row-v-md-2 gutters-row-v-2 style-1588 style-local-711-c12 position-relative\">\n        <!---->\n        <div class=\"h-row justify-content-lg-center justify-content-md-center justify-content-center align-items-lg-stretch align-items-md-stretch align-items-stretch gutters-col-lg-2 gutters-col-md-2 gutters-col-2 gutters-col-v-lg-2 gutters-col-v-md-2 gutters-col-v-2\">\n          <!---->\n          <div class=\"h-column h-column-container d-flex h-col-lg-auto h-col-md-auto h-col-auto style-1589-outer style-local-711-c13-outer\">\n            <div data-colibri-id=\"711-c13\" class=\"d-flex h-flex-basis h-column__inner h-px-lg-2 h-px-md-2 h-px-2 v-inner-lg-2 v-inner-md-2 v-inner-2 style-1589 style-local-711-c13 position-relative\">\n              <!---->\n              <!---->\n              <div class=\"w-100 h-y-container h-column__content h-column__v-align flex-basis-100 align-self-lg-start align-self-md-start align-self-start\">\n                <!---->\n                <div data-colibri-component=\"masonry\" data-colibri-id=\"711-c14\" class=\"h-photo-gallery margin-none caption-none style-1590 style-local-711-c14 position-relative h-element\">\n                  <!---->\n                  <div class=\"h-global-transition-all caption-wrapper-full\"><div id='colibri-711-c14' class='gallery-wrapper'>    <style type=\"text\/css\">\n\n        @media (min-width: 1023px) {        #colibri-711-c14        dl {\n            float: left;\n            width: 33.333333333333% !important;\n            max-width: 33.333333333333% !important;\n            min-width: 33.333333333333% !important;\n        }\n\n        #colibri-711-c14        dl:nth-of-type(3n +1 ) {\n            clear: both;\n        }\n\n        }@media (min-width: 768px) and (max-width: 1023px) {        #colibri-711-c14        dl {\n            float: left;\n            width: 33.333333333333% !important;\n            max-width: 33.333333333333% !important;\n            min-width: 33.333333333333% !important;\n        }\n\n        #colibri-711-c14        dl:nth-of-type(3n +1 ) {\n            clear: both;\n        }\n\n        }@media (max-width: 767px) {        #colibri-711-c14        dl {\n            float: left;\n            width: 50% !important;\n            max-width: 50% !important;\n            min-width: 50% !important;\n        }\n\n        #colibri-711-c14        dl:nth-of-type(2n +1 ) {\n            clear: both;\n        }\n\n        }\n        #colibri-711-c14        .gallery-item {\n            position: relative;\n        }\n\n        \n    <\/style>\n    <div   class='colibri-711-c14-dls-wrapper gallery-items-wrapper' ><dl class='gallery-item masonry-item'>\n\t\t\t<dt class='gallery-icon landscape'>\n\t\t\t\t<a data-fancybox=\"colibri-711-c14-group\" href='https:\/\/reseau-iles-casamance.org\/wp-content\/uploads\/2023\/12\/DSC_0150-scaled.jpg'><img fetchpriority=\"high\" decoding=\"async\"  width=\"1024\" height=\"683\" src=\"https:\/\/reseau-iles-casamance.org\/wp-content\/uploads\/2023\/12\/DSC_0150-1024x683.jpg\"  class='colibri-711-c14-image' alt=\"\" srcset=\"https:\/\/reseau-iles-casamance.org\/wp-content\/uploads\/2023\/12\/DSC_0150-1024x683.jpg 1024w, https:\/\/reseau-iles-casamance.org\/wp-content\/uploads\/2023\/12\/DSC_0150-300x200.jpg 300w, https:\/\/reseau-iles-casamance.org\/wp-content\/uploads\/2023\/12\/DSC_0150-768x512.jpg 768w, https:\/\/reseau-iles-casamance.org\/wp-content\/uploads\/2023\/12\/DSC_0150-1536x1024.jpg 1536w, https:\/\/reseau-iles-casamance.org\/wp-content\/uploads\/2023\/12\/DSC_0150-2048x1365.jpg 2048w\" sizes=\"(max-width: 1024px) 100vw, 1024px\" \/><\/a>\n\t\t\t<\/dt><\/dl><dl class='gallery-item masonry-item'>\n\t\t\t<dt class='gallery-icon landscape'>\n\t\t\t\t<a data-fancybox=\"colibri-711-c14-group\" href='https:\/\/reseau-iles-casamance.org\/wp-content\/uploads\/2023\/12\/DSC_0153-scaled.jpg'><img decoding=\"async\"  width=\"1024\" height=\"683\" src=\"https:\/\/reseau-iles-casamance.org\/wp-content\/uploads\/2023\/12\/DSC_0153-1024x683.jpg\"  class='colibri-711-c14-image' alt=\"\" srcset=\"https:\/\/reseau-iles-casamance.org\/wp-content\/uploads\/2023\/12\/DSC_0153-1024x683.jpg 1024w, https:\/\/reseau-iles-casamance.org\/wp-content\/uploads\/2023\/12\/DSC_0153-300x200.jpg 300w, https:\/\/reseau-iles-casamance.org\/wp-content\/uploads\/2023\/12\/DSC_0153-768x512.jpg 768w, https:\/\/reseau-iles-casamance.org\/wp-content\/uploads\/2023\/12\/DSC_0153-1536x1024.jpg 1536w, https:\/\/reseau-iles-casamance.org\/wp-content\/uploads\/2023\/12\/DSC_0153-2048x1365.jpg 2048w\" sizes=\"(max-width: 1024px) 100vw, 1024px\" \/><\/a>\n\t\t\t<\/dt><\/dl><dl class='gallery-item masonry-item'>\n\t\t\t<dt class='gallery-icon landscape'>\n\t\t\t\t<a data-fancybox=\"colibri-711-c14-group\" href='https:\/\/reseau-iles-casamance.org\/wp-content\/uploads\/2023\/12\/DSC_0184-1-scaled.jpg'><img decoding=\"async\"  width=\"1024\" height=\"683\" src=\"https:\/\/reseau-iles-casamance.org\/wp-content\/uploads\/2023\/12\/DSC_0184-1-1024x683.jpg\"  class='colibri-711-c14-image' alt=\"\" srcset=\"https:\/\/reseau-iles-casamance.org\/wp-content\/uploads\/2023\/12\/DSC_0184-1-1024x683.jpg 1024w, https:\/\/reseau-iles-casamance.org\/wp-content\/uploads\/2023\/12\/DSC_0184-1-300x200.jpg 300w, https:\/\/reseau-iles-casamance.org\/wp-content\/uploads\/2023\/12\/DSC_0184-1-768x512.jpg 768w, https:\/\/reseau-iles-casamance.org\/wp-content\/uploads\/2023\/12\/DSC_0184-1-1536x1024.jpg 1536w, https:\/\/reseau-iles-casamance.org\/wp-content\/uploads\/2023\/12\/DSC_0184-1-2048x1365.jpg 2048w\" sizes=\"(max-width: 1024px) 100vw, 1024px\" \/><\/a>\n\t\t\t<\/dt><\/dl><dl class='gallery-item masonry-item'>\n\t\t\t<dt class='gallery-icon landscape'>\n\t\t\t\t<a data-fancybox=\"colibri-711-c14-group\" href='https:\/\/reseau-iles-casamance.org\/wp-content\/uploads\/2023\/12\/DSC_0187-scaled.jpg'><img loading=\"lazy\" decoding=\"async\"  width=\"1024\" height=\"683\" src=\"https:\/\/reseau-iles-casamance.org\/wp-content\/uploads\/2023\/12\/DSC_0187-1024x683.jpg\"  class='colibri-711-c14-image' alt=\"\" srcset=\"https:\/\/reseau-iles-casamance.org\/wp-content\/uploads\/2023\/12\/DSC_0187-1024x683.jpg 1024w, https:\/\/reseau-iles-casamance.org\/wp-content\/uploads\/2023\/12\/DSC_0187-300x200.jpg 300w, https:\/\/reseau-iles-casamance.org\/wp-content\/uploads\/2023\/12\/DSC_0187-768x512.jpg 768w, https:\/\/reseau-iles-casamance.org\/wp-content\/uploads\/2023\/12\/DSC_0187-1536x1024.jpg 1536w, https:\/\/reseau-iles-casamance.org\/wp-content\/uploads\/2023\/12\/DSC_0187-2048x1365.jpg 2048w\" sizes=\"(max-width: 1024px) 100vw, 1024px\" \/><\/a>\n\t\t\t<\/dt><\/dl><dl class='gallery-item masonry-item'>\n\t\t\t<dt class='gallery-icon landscape'>\n\t\t\t\t<a data-fancybox=\"colibri-711-c14-group\" href='https:\/\/reseau-iles-casamance.org\/wp-content\/uploads\/2023\/12\/DSC_0190-2-scaled.jpg'><img loading=\"lazy\" decoding=\"async\"  width=\"1024\" height=\"683\" src=\"https:\/\/reseau-iles-casamance.org\/wp-content\/uploads\/2023\/12\/DSC_0190-2-1024x683.jpg\"  class='colibri-711-c14-image' alt=\"\" srcset=\"https:\/\/reseau-iles-casamance.org\/wp-content\/uploads\/2023\/12\/DSC_0190-2-1024x683.jpg 1024w, https:\/\/reseau-iles-casamance.org\/wp-content\/uploads\/2023\/12\/DSC_0190-2-300x200.jpg 300w, https:\/\/reseau-iles-casamance.org\/wp-content\/uploads\/2023\/12\/DSC_0190-2-768x512.jpg 768w, https:\/\/reseau-iles-casamance.org\/wp-content\/uploads\/2023\/12\/DSC_0190-2-1536x1024.jpg 1536w, https:\/\/reseau-iles-casamance.org\/wp-content\/uploads\/2023\/12\/DSC_0190-2-2048x1365.jpg 2048w\" sizes=\"(max-width: 1024px) 100vw, 1024px\" \/><\/a>\n\t\t\t<\/dt><\/dl><dl class='gallery-item masonry-item'>\n\t\t\t<dt class='gallery-icon landscape'>\n\t\t\t\t<a data-fancybox=\"colibri-711-c14-group\" href='https:\/\/reseau-iles-casamance.org\/wp-content\/uploads\/2023\/12\/DSC_0408-2-scaled.jpg'><img loading=\"lazy\" decoding=\"async\"  width=\"1024\" height=\"683\" src=\"https:\/\/reseau-iles-casamance.org\/wp-content\/uploads\/2023\/12\/DSC_0408-2-1024x683.jpg\"  class='colibri-711-c14-image' alt=\"\" srcset=\"https:\/\/reseau-iles-casamance.org\/wp-content\/uploads\/2023\/12\/DSC_0408-2-1024x683.jpg 1024w, https:\/\/reseau-iles-casamance.org\/wp-content\/uploads\/2023\/12\/DSC_0408-2-300x200.jpg 300w, https:\/\/reseau-iles-casamance.org\/wp-content\/uploads\/2023\/12\/DSC_0408-2-768x512.jpg 768w, https:\/\/reseau-iles-casamance.org\/wp-content\/uploads\/2023\/12\/DSC_0408-2-1536x1024.jpg 1536w, https:\/\/reseau-iles-casamance.org\/wp-content\/uploads\/2023\/12\/DSC_0408-2-2048x1365.jpg 2048w\" sizes=\"(max-width: 1024px) 100vw, 1024px\" \/><\/a>\n\t\t\t<\/dt><\/dl><dl class='gallery-item masonry-item'>\n\t\t\t<dt class='gallery-icon landscape'>\n\t\t\t\t<a data-fancybox=\"colibri-711-c14-group\" href='https:\/\/reseau-iles-casamance.org\/wp-content\/uploads\/2023\/12\/DSC_0422-scaled.jpg'><img loading=\"lazy\" decoding=\"async\"  width=\"1024\" height=\"683\" src=\"https:\/\/reseau-iles-casamance.org\/wp-content\/uploads\/2023\/12\/DSC_0422-1024x683.jpg\"  class='colibri-711-c14-image' alt=\"\" srcset=\"https:\/\/reseau-iles-casamance.org\/wp-content\/uploads\/2023\/12\/DSC_0422-1024x683.jpg 1024w, https:\/\/reseau-iles-casamance.org\/wp-content\/uploads\/2023\/12\/DSC_0422-300x200.jpg 300w, https:\/\/reseau-iles-casamance.org\/wp-content\/uploads\/2023\/12\/DSC_0422-768x512.jpg 768w, https:\/\/reseau-iles-casamance.org\/wp-content\/uploads\/2023\/12\/DSC_0422-1536x1024.jpg 1536w, https:\/\/reseau-iles-casamance.org\/wp-content\/uploads\/2023\/12\/DSC_0422-2048x1365.jpg 2048w\" sizes=\"(max-width: 1024px) 100vw, 1024px\" \/><\/a>\n\t\t\t<\/dt><\/dl><dl class='gallery-item masonry-item'>\n\t\t\t<dt class='gallery-icon landscape'>\n\t\t\t\t<a data-fancybox=\"colibri-711-c14-group\" href='https:\/\/reseau-iles-casamance.org\/wp-content\/uploads\/2023\/12\/DSC_0425-2-scaled.jpg'><img loading=\"lazy\" decoding=\"async\"  width=\"1024\" height=\"683\" src=\"https:\/\/reseau-iles-casamance.org\/wp-content\/uploads\/2023\/12\/DSC_0425-2-1024x683.jpg\"  class='colibri-711-c14-image' alt=\"\" srcset=\"https:\/\/reseau-iles-casamance.org\/wp-content\/uploads\/2023\/12\/DSC_0425-2-1024x683.jpg 1024w, https:\/\/reseau-iles-casamance.org\/wp-content\/uploads\/2023\/12\/DSC_0425-2-300x200.jpg 300w, https:\/\/reseau-iles-casamance.org\/wp-content\/uploads\/2023\/12\/DSC_0425-2-768x512.jpg 768w, https:\/\/reseau-iles-casamance.org\/wp-content\/uploads\/2023\/12\/DSC_0425-2-1536x1024.jpg 1536w, https:\/\/reseau-iles-casamance.org\/wp-content\/uploads\/2023\/12\/DSC_0425-2-2048x1365.jpg 2048w\" sizes=\"(max-width: 1024px) 100vw, 1024px\" \/><\/a>\n\t\t\t<\/dt><\/dl><dl class='gallery-item masonry-item'>\n\t\t\t<dt class='gallery-icon landscape'>\n\t\t\t\t<a data-fancybox=\"colibri-711-c14-group\" href='https:\/\/reseau-iles-casamance.org\/wp-content\/uploads\/2023\/12\/DSC_0806-scaled.jpg'><img loading=\"lazy\" decoding=\"async\"  width=\"1024\" height=\"683\" src=\"https:\/\/reseau-iles-casamance.org\/wp-content\/uploads\/2023\/12\/DSC_0806-1024x683.jpg\"  class='colibri-711-c14-image' alt=\"\" srcset=\"https:\/\/reseau-iles-casamance.org\/wp-content\/uploads\/2023\/12\/DSC_0806-1024x683.jpg 1024w, https:\/\/reseau-iles-casamance.org\/wp-content\/uploads\/2023\/12\/DSC_0806-300x200.jpg 300w, https:\/\/reseau-iles-casamance.org\/wp-content\/uploads\/2023\/12\/DSC_0806-768x512.jpg 768w, https:\/\/reseau-iles-casamance.org\/wp-content\/uploads\/2023\/12\/DSC_0806-1536x1024.jpg 1536w, https:\/\/reseau-iles-casamance.org\/wp-content\/uploads\/2023\/12\/DSC_0806-2048x1365.jpg 2048w\" sizes=\"(max-width: 1024px) 100vw, 1024px\" \/><\/a>\n\t\t\t<\/dt><\/dl><dl class='gallery-item masonry-item'>\n\t\t\t<dt class='gallery-icon landscape'>\n\t\t\t\t<a data-fancybox=\"colibri-711-c14-group\" href='https:\/\/reseau-iles-casamance.org\/wp-content\/uploads\/2023\/12\/DSC_0860-scaled.jpg'><img loading=\"lazy\" decoding=\"async\"  width=\"1024\" height=\"683\" src=\"https:\/\/reseau-iles-casamance.org\/wp-content\/uploads\/2023\/12\/DSC_0860-1024x683.jpg\"  class='colibri-711-c14-image' alt=\"\" srcset=\"https:\/\/reseau-iles-casamance.org\/wp-content\/uploads\/2023\/12\/DSC_0860-1024x683.jpg 1024w, https:\/\/reseau-iles-casamance.org\/wp-content\/uploads\/2023\/12\/DSC_0860-300x200.jpg 300w, https:\/\/reseau-iles-casamance.org\/wp-content\/uploads\/2023\/12\/DSC_0860-768x512.jpg 768w, https:\/\/reseau-iles-casamance.org\/wp-content\/uploads\/2023\/12\/DSC_0860-1536x1024.jpg 1536w, https:\/\/reseau-iles-casamance.org\/wp-content\/uploads\/2023\/12\/DSC_0860-2048x1365.jpg 2048w\" sizes=\"(max-width: 1024px) 100vw, 1024px\" \/><\/a>\n\t\t\t<\/dt><\/dl><dl class='gallery-item masonry-item'>\n\t\t\t<dt class='gallery-icon landscape'>\n\t\t\t\t<a data-fancybox=\"colibri-711-c14-group\" href='https:\/\/reseau-iles-casamance.org\/wp-content\/uploads\/2023\/12\/DSC_0871-scaled.jpg'><img loading=\"lazy\" decoding=\"async\"  width=\"1024\" height=\"683\" src=\"https:\/\/reseau-iles-casamance.org\/wp-content\/uploads\/2023\/12\/DSC_0871-1024x683.jpg\"  class='colibri-711-c14-image' alt=\"\" srcset=\"https:\/\/reseau-iles-casamance.org\/wp-content\/uploads\/2023\/12\/DSC_0871-1024x683.jpg 1024w, https:\/\/reseau-iles-casamance.org\/wp-content\/uploads\/2023\/12\/DSC_0871-300x200.jpg 300w, https:\/\/reseau-iles-casamance.org\/wp-content\/uploads\/2023\/12\/DSC_0871-768x512.jpg 768w, https:\/\/reseau-iles-casamance.org\/wp-content\/uploads\/2023\/12\/DSC_0871-1536x1024.jpg 1536w, https:\/\/reseau-iles-casamance.org\/wp-content\/uploads\/2023\/12\/DSC_0871-2048x1365.jpg 2048w\" sizes=\"(max-width: 1024px) 100vw, 1024px\" \/><\/a>\n\t\t\t<\/dt><\/dl><dl class='gallery-item masonry-item'>\n\t\t\t<dt class='gallery-icon landscape'>\n\t\t\t\t<a data-fancybox=\"colibri-711-c14-group\" href='https:\/\/reseau-iles-casamance.org\/wp-content\/uploads\/2023\/12\/DSCF2140-1-scaled.jpg'><img loading=\"lazy\" decoding=\"async\"  width=\"1024\" height=\"764\" src=\"https:\/\/reseau-iles-casamance.org\/wp-content\/uploads\/2023\/12\/DSCF2140-1-1024x764.jpg\"  class='colibri-711-c14-image' alt=\"\" srcset=\"https:\/\/reseau-iles-casamance.org\/wp-content\/uploads\/2023\/12\/DSCF2140-1-1024x764.jpg 1024w, https:\/\/reseau-iles-casamance.org\/wp-content\/uploads\/2023\/12\/DSCF2140-1-300x224.jpg 300w, https:\/\/reseau-iles-casamance.org\/wp-content\/uploads\/2023\/12\/DSCF2140-1-768x573.jpg 768w, https:\/\/reseau-iles-casamance.org\/wp-content\/uploads\/2023\/12\/DSCF2140-1-1536x1147.jpg 1536w, https:\/\/reseau-iles-casamance.org\/wp-content\/uploads\/2023\/12\/DSCF2140-1-2048x1529.jpg 2048w\" sizes=\"(max-width: 1024px) 100vw, 1024px\" \/><\/a>\n\t\t\t<\/dt><\/dl>\n\t\t<\/div>\n<style>#colibri-711-c14 .wp-caption-text.gallery-caption{display:none;}<\/style><\/div><\/div>\n                <\/div>\n              <\/div>\n            <\/div>\n          <\/div>\n        <\/div>\n      <\/div>\n    <\/div>\n  <\/div>\n<\/div>","protected":false},"excerpt":{"rendered":"<p>Tourisme dans nos \u00eeles Les iles de la Basse Casamance sont de plus en plus une destination privil\u00e9gi\u00e9e pour les touristes qui visitent le S\u00e9n\u00e9gal et les populations des grandes villes du pays \u00e0 la recherche d\u2019endroit calme de d\u00e9tente. Avec une diversit\u00e9 exceptionnelle de paysages et d\u2019\u00e9cosyst\u00e8mes, les \u00eeles de la Casamance sont un [&hellip;]<\/p>\n","protected":false},"author":1,"featured_media":0,"parent":0,"menu_order":0,"comment_status":"closed","ping_status":"closed","template":"page-templates\/full-width-page.php","meta":{"om_disable_all_campaigns":false,"_monsterinsights_skip_tracking":false,"_monsterinsights_sitenote_active":false,"_monsterinsights_sitenote_note":"","_monsterinsights_sitenote_category":0,"footnotes":""},"class_list":["post-711","page","type-page","status-publish","hentry"],"aioseo_notices":[],"_links":{"self":[{"href":"https:\/\/reseau-iles-casamance.org\/index.php?rest_route=\/wp\/v2\/pages\/711","targetHints":{"allow":["GET"]}}],"collection":[{"href":"https:\/\/reseau-iles-casamance.org\/index.php?rest_route=\/wp\/v2\/pages"}],"about":[{"href":"https:\/\/reseau-iles-casamance.org\/index.php?rest_route=\/wp\/v2\/types\/page"}],"author":[{"embeddable":true,"href":"https:\/\/reseau-iles-casamance.org\/index.php?rest_route=\/wp\/v2\/users\/1"}],"replies":[{"embeddable":true,"href":"https:\/\/reseau-iles-casamance.org\/index.php?rest_route=%2Fwp%2Fv2%2Fcomments&post=711"}],"version-history":[{"count":4,"href":"https:\/\/reseau-iles-casamance.org\/index.php?rest_route=\/wp\/v2\/pages\/711\/revisions"}],"predecessor-version":[{"id":3035,"href":"https:\/\/reseau-iles-casamance.org\/index.php?rest_route=\/wp\/v2\/pages\/711\/revisions\/3035"}],"wp:attachment":[{"href":"https:\/\/reseau-iles-casamance.org\/index.php?rest_route=%2Fwp%2Fv2%2Fmedia&parent=711"}],"curies":[{"name":"wp","href":"https:\/\/api.w.org\/{rel}","templated":true}]}}